{"id":129765,"date":"2023-06-09T14:09:29","date_gmt":"2023-06-09T13:09:29","guid":{"rendered":"https:\/\/casadicurasanrossore.it\/gravina-giovanni\/"},"modified":"2025-10-27T16:49:42","modified_gmt":"2025-10-27T15:49:42","slug":"gravina-giovanni","status":"publish","type":"page","link":"https:\/\/casadicurasanrossore.it\/en\/our-specialists\/gravina-giovanni\/","title":{"rendered":"Gravina Giovanni"},"content":{"rendered":"<div class=\"wpb-content-wrapper\"><p>[vc_row unlock_row_content=&#8221;yes&#8221; row_height_percent=&#8221;100&#8243; override_padding=&#8221;yes&#8221; h_padding=&#8221;0&#8243; top_padding=&#8221;0&#8243; bottom_padding=&#8221;0&#8243; back_color=&#8221;color-xsdn&#8221; overlay_alpha=&#8221;50&#8243; equal_height=&#8221;yes&#8221; gutter_size=&#8221;3&#8243; column_width_percent=&#8221;100&#8243; shift_y=&#8221;0&#8243; z_index=&#8221;0&#8243; uncode_shortcode_id=&#8221;128012&#8243; back_color_type=&#8221;uncode-palette&#8221;][vc_column column_width_percent=&#8221;100&#8243; gutter_size=&#8221;3&#8243; expand_height=&#8221;yes&#8221; style=&#8221;dark&#8221; overlay_alpha=&#8221;50&#8243; shift_x=&#8221;0&#8243; shift_y=&#8221;0&#8243; z_index=&#8221;0&#8243; medium_width=&#8221;0&#8243; width=&#8221;1\/1&#8243;][vc_row_inner row_inner_height_percent=&#8221;0&#8243; overlay_alpha=&#8221;50&#8243; equal_height=&#8221;yes&#8221; gutter_size=&#8221;0&#8243; shift_y=&#8221;0&#8243;][vc_column_inner column_width_use_pixel=&#8221;yes&#8221; gutter_size=&#8221;3&#8243; expand_height=&#8221;yes&#8221; back_color=&#8221;color-xsdn&#8221; overlay_alpha=&#8221;50&#8243; shift_x=&#8221;0&#8243; shift_y=&#8221;0&#8243; shift_y_down=&#8221;0&#8243; z_index=&#8221;0&#8243; medium_width=&#8221;0&#8243; mobile_width=&#8221;0&#8243; width=&#8221;1\/3&#8243; mobile_height=&#8221;300&#8243; uncode_shortcode_id=&#8221;109753&#8243; back_color_type=&#8221;uncode-palette&#8221; css=&#8221;.vc_custom_1683649659537{border-bottom-width: 0px !important;padding-top: 0px !important;padding-right: 0px !important;padding-left: 0px !important;}&#8221;][vc_single_image media=&#8221;121312&#8243; media_width_percent=&#8221;100&#8243; uncode_shortcode_id=&#8221;254059&#8243;][vc_custom_heading text_color=&#8221;color-nhtu&#8221; heading_semantic=&#8221;h1&#8243; text_font=&#8221;font-207245&#8243; text_size=&#8221;fontsize-417312&#8243; text_transform=&#8221;uppercase&#8221; text_align=&#8221;text-left&#8221; uncode_shortcode_id=&#8221;403094&#8243; text_color_type=&#8221;uncode-palette&#8221; el_class=&#8221;medico_left-content specifiche&#8221;]Gravina Giovanni[\/vc_custom_heading][vc_empty_space empty_h=&#8221;0&#8243; el_class=&#8221;specifiche&#8221;][uncode_info_box items=&#8221;Categories|do_not_display_prefix&#8221; text_font=&#8221;font-116733&#8243; text_size=&#8221;fontsize-120545&#8243; text_weight=&#8221;600&#8243; text_transform=&#8221;uppercase&#8221; separator=&#8221;pipe&#8221; css_animation=&#8221;left-t-right&#8221; el_class=&#8221;medico_left-content specifiche&#8221;][vc_empty_space empty_h=&#8221;2&#8243; el_class=&#8221;specifiche&#8221;][vc_button button_color=&#8221;color-wayh&#8221; radius=&#8221;btn-circle&#8221; border_animation=&#8221;btn-ripple-in&#8221; hover_fx=&#8221;outlined&#8221; custom_typo=&#8221;yes&#8221; font_family=&#8221;font-116733&#8243; font_weight=&#8221;700&#8243; letter_spacing=&#8221;fontspace-361482&#8243; border_width=&#8221;0&#8243; uncode_shortcode_id=&#8221;403560&#8243; button_color_type=&#8221;uncode-palette&#8221; el_class=&#8221;medico_left-content specifiche&#8221; link=&#8221;url:https%3A%2F%2Fonline.casadicurasanrossore.it%2F%23BookingByHealthcareProfessional%2F1|target:_blank&#8221;]Prenota una visita[\/vc_button][vc_empty_space empty_h=&#8221;3&#8243; el_class=&#8221;specifiche&#8221;][\/vc_column_inner][vc_column_inner column_width_percent=&#8221;65&#8243; gutter_size=&#8221;3&#8243; override_padding=&#8221;yes&#8221; column_padding=&#8221;3&#8243; style=&#8221;dark&#8221; back_color=&#8221;color-nhtu&#8221; overlay_alpha=&#8221;50&#8243; shift_x=&#8221;0&#8243; shift_y=&#8221;0&#8243; shift_y_down=&#8221;0&#8243; z_index=&#8221;0&#8243; medium_width=&#8221;0&#8243; mobile_width=&#8221;0&#8243; width=&#8221;2\/3&#8243; uncode_shortcode_id=&#8221;170516&#8243; back_color_type=&#8221;uncode-palette&#8221;][vc_custom_heading text_font=&#8221;font-207245&#8243; text_size=&#8221;fontsize-962128&#8243; text_transform=&#8221;uppercase&#8221; sub_lead=&#8221;yes&#8221; sub_reduced=&#8221;yes&#8221; text_align=&#8221;text-left&#8221; uncode_shortcode_id=&#8221;382510&#8243; subheading=&#8221;Curriculum&#8221; el_class=&#8221;subheading_style&#8221;]Gravina Giovanni[\/vc_custom_heading][vc_separator sep_color=&#8221;color-xsdn&#8221; uncode_shortcode_id=&#8221;106976&#8243; sep_color_type=&#8221;uncode-palette&#8221; el_height=&#8221;1px&#8221;][vc_custom_heading uncode_shortcode_id=&#8221;491800&#8243;]Formazione professionale[\/vc_custom_heading][vc_column_text uncode_shortcode_id=&#8221;109871&#8243;]<\/p>\n<ul>\n<li>Dal 1982 al 1988 \u00e8 stato Medico interno e ricercatore della Clinica Medica I &#8211; Universit\u00e0 di Pisa<\/li>\n<li>Specialista ambulatoriale (Endocrinologia), medico del Consultorio Giovani e medico del Centro Arianna per il trattamento dei Disturbi dell\u2019Alimentazione e della Nutrizione &#8211; ASL Nordovest Toscana.<\/li>\n<li>Responsabile U.O. Medicina Generale (attivit\u00e0 di diagnosi e cura in regime ambulatoriale e di degenza) e Responsabile del Centro Disturbi Alimentari e del Centro Nutrizione Clinica &#8211; Casa di Cura San Rossore Pisa.<\/li>\n<li>Dal 1986 al 2011 e attualmente dal 2022 \u00e8 Direttore Sanitario della Casa di Cura San Rossore di Pisa.<\/li>\n<\/ul>\n<p>[\/vc_column_text][vc_custom_heading uncode_shortcode_id=&#8221;202006&#8243;]Docenza[\/vc_custom_heading][vc_column_text uncode_shortcode_id=&#8221;672011&#8243;]<\/p>\n<ul>\n<li>Docente del Corso di Laurea in Dietistica all&#8217;Universit\u00e0 di Pisa &#8211; Facolt\u00e0 di Medicina e Chirurgia e del Corso di Laurea Magistrale in Scienze della Nutrizione Umana all&#8217;Universit\u00e0 di Pisa &#8211; Facolt\u00e0 di Farmacia.<\/li>\n<li>Docente del Master di 2\u00b0 livello Approccio Multidisciplinare ai Disturbi del Comportamento Alimentare e Obesit\u00e0 &#8211; Unitelma Sapienza di Roma e del Master di 1\u00b0 livello in Scienze Sensoriali per un&#8217;Alimentazione Sana e Consapevole &#8211; Dipartimento di Scienze Agrarie all&#8217;Universit\u00e0 di Pisa.<\/li>\n<li>Docente della Scuola di Specializzazione in Psicoterapia analitico-transazionale PerFormat di Pisa.<\/li>\n<\/ul>\n<p>[\/vc_column_text][vc_custom_heading uncode_shortcode_id=&#8221;182574&#8243;]Altre informazioni[\/vc_custom_heading][vc_column_text uncode_shortcode_id=&#8221;147410&#8243;]<\/p>\n<ul>\n<li>Membro del Consigli Direttivo Nazionale della Societ\u00e0 Italiana per lo Studio dei Disturbi del Comportamento Alimentare (SISDCA).<\/li>\n<li>Membro del Consiglio Direttivo Nazionale Associazione Nazionale Specialisti in Scienza dell&#8217;Alimentazione.<\/li>\n<li>Membro del Comitato Scientifico del Coordinamento Nazionale Disturbi Alimentari.<\/li>\n<li>Membro dell&#8217;Editorial Board e reviewer della rivista scientifica Eating and Weight Disorders.<\/li>\n<li>Negli ultimi anni, in qualit\u00e0 di Membro Effettivo, ha partecipato a Tavoli di lavoro e Commissioni del Ministero della Salute per la stesura di documenti relativi ai Disturbi dell&#8217;alimentazione e della nutrizione.<\/li>\n<li>Socio SISDCA (Societ\u00e0 Italiana per lo Studio dei Disturbi del Comportamento Alimentare)<\/li>\n<li>Socio ANSISA (Associazione Nazionale Specialisti in Scienza dell&#8217;Alimentazione)<\/li>\n<li>Socio SIE (Societ\u00e0 Italiana di Endocrinologia)<\/li>\n<li>Socio SIO (Societ\u00e0 Italiana dell&#8217;Obesit\u00e0)<\/li>\n<li>Socio FISS (Federazione Italiana Sessuologia Scientifica)<\/li>\n<li>Socio AAEP (Associazione Ex Allievi Endocrinologia Pisana)<\/li>\n<li>Founding Member ISGE (International Society of Gynecological Endocrinology)<\/li>\n<\/ul>\n<p>[\/vc_column_text][vc_custom_heading uncode_shortcode_id=&#8221;105466&#8243;]Pubblicazioni[\/vc_custom_heading][vc_column_text uncode_shortcode_id=&#8221;212342&#8243;]\u00c8 Relatore e Moderatore in numerosi Convegni, Corsi e Simposi in Italia e all&#8217;estero sugli argomenti di pertinenza professionale, con numerosi articoli e pubblicazioni in Atti congressuali, libri e riviste scientifiche nazionali e internazionali.[\/vc_column_text][vc_empty_space empty_h=&#8221;2&#8243; el_class=&#8221;pushUp&#8221;][\/vc_column_inner][\/vc_row_inner][\/vc_column][\/vc_row]<\/p>\n<\/div>","protected":false},"excerpt":{"rendered":"<p>[vc_row unlock_row_content=&#8221;yes&#8221; row_height_percent=&#8221;100&#8243; override_padding=&#8221;yes&#8221; h_padding=&#8221;0&#8243; top_padding=&#8221;0&#8243; bottom_padding=&#8221;0&#8243; back_color=&#8221;color-xsdn&#8221; overlay_alpha=&#8221;50&#8243; equal_height=&#8221;yes&#8221; gutter_size=&#8221;3&#8243; column_width_percent=&#8221;100&#8243; shift_y=&#8221;0&#8243; z_index=&#8221;0&#8243; uncode_shortcode_id=&#8221;128012&#8243; back_color_type=&#8221;uncode-palette&#8221;][vc_column column_width_percent=&#8221;100&#8243; gutter_size=&#8221;3&#8243; expand_height=&#8221;yes&#8221; style=&#8221;dark&#8221; [&hellip;]<\/p>\n","protected":false},"author":3,"featured_media":122035,"parent":129955,"menu_order":0,"comment_status":"closed","ping_status":"closed","template":"","meta":{"footnotes":""},"class_list":["post-129765","page","type-page","status-publish","has-post-thumbnail","hentry","page_category-malattie-del-metabolismo-en","page_category-internal-medicine","page_category-diabetology","page_category-endocrinology","page_category-clinical-nutrition"],"yoast_head":"<!-- This site is optimized with the Yoast SEO plugin v24.6 - https:\/\/yoast.com\/wordpress\/plugins\/seo\/ -->\n<title>Gravina Giovanni - Casa di Cura Privata San Rossore<\/title>\n<meta name=\"robots\" content=\"index, follow, max-snippet:-1, max-image-preview:large, max-video-preview:-1\" \/>\n<link rel=\"canonical\" href=\"https:\/\/casadicurasanrossore.it\/en\/our-specialists\/gravina-giovanni\/\" \/>\n<meta property=\"og:locale\" content=\"en_US\" \/>\n<meta property=\"og:type\" content=\"article\" \/>\n<meta property=\"og:title\" content=\"Gravina Giovanni - Casa di Cura Privata San Rossore\" \/>\n<meta property=\"og:description\" content=\"[vc_row unlock_row_content=&#8221;yes&#8221; row_height_percent=&#8221;100&#8243; override_padding=&#8221;yes&#8221; h_padding=&#8221;0&#8243; top_padding=&#8221;0&#8243; bottom_padding=&#8221;0&#8243; back_color=&#8221;color-xsdn&#8221; overlay_alpha=&#8221;50&#8243; equal_height=&#8221;yes&#8221; gutter_size=&#8221;3&#8243; column_width_percent=&#8221;100&#8243; shift_y=&#8221;0&#8243; z_index=&#8221;0&#8243; uncode_shortcode_id=&#8221;128012&#8243; back_color_type=&#8221;uncode-palette&#8221;][vc_column column_width_percent=&#8221;100&#8243; gutter_size=&#8221;3&#8243; expand_height=&#8221;yes&#8221; style=&#8221;dark&#8221; [&hellip;]\" \/>\n<meta property=\"og:url\" content=\"https:\/\/casadicurasanrossore.it\/en\/our-specialists\/gravina-giovanni\/\" \/>\n<meta property=\"og:site_name\" content=\"Casa di Cura Privata San Rossore\" \/>\n<meta property=\"article:publisher\" content=\"https:\/\/www.facebook.com\/casadicurasanrossore\/\" \/>\n<meta property=\"article:modified_time\" content=\"2025-10-27T15:49:42+00:00\" \/>\n<meta property=\"og:image\" content=\"https:\/\/casadicurasanrossore.it\/wp-content\/uploads\/2023\/06\/GRAVINA-1.jpg\" \/>\n\t<meta property=\"og:image:width\" content=\"1500\" \/>\n\t<meta property=\"og:image:height\" content=\"1500\" \/>\n\t<meta property=\"og:image:type\" content=\"image\/jpeg\" \/>\n<meta name=\"twitter:card\" content=\"summary_large_image\" \/>\n<meta name=\"twitter:label1\" content=\"Est. reading time\" \/>\n\t<meta name=\"twitter:data1\" content=\"3 minutes\" \/>\n<script type=\"application\/ld+json\" class=\"yoast-schema-graph\">{\"@context\":\"https:\/\/schema.org\",\"@graph\":[{\"@type\":\"WebPage\",\"@id\":\"https:\/\/casadicurasanrossore.it\/en\/our-specialists\/gravina-giovanni\/\",\"url\":\"https:\/\/casadicurasanrossore.it\/en\/our-specialists\/gravina-giovanni\/\",\"name\":\"Gravina Giovanni - Casa di Cura Privata San Rossore\",\"isPartOf\":{\"@id\":\"https:\/\/casadicurasanrossore.it\/#website\"},\"primaryImageOfPage\":{\"@id\":\"https:\/\/casadicurasanrossore.it\/en\/our-specialists\/gravina-giovanni\/#primaryimage\"},\"image\":{\"@id\":\"https:\/\/casadicurasanrossore.it\/en\/our-specialists\/gravina-giovanni\/#primaryimage\"},\"thumbnailUrl\":\"https:\/\/casadicurasanrossore.it\/wp-content\/uploads\/2023\/06\/GRAVINA-1.jpg\",\"datePublished\":\"2023-06-09T13:09:29+00:00\",\"dateModified\":\"2025-10-27T15:49:42+00:00\",\"breadcrumb\":{\"@id\":\"https:\/\/casadicurasanrossore.it\/en\/our-specialists\/gravina-giovanni\/#breadcrumb\"},\"inLanguage\":\"en-US\",\"potentialAction\":[{\"@type\":\"ReadAction\",\"target\":[\"https:\/\/casadicurasanrossore.it\/en\/our-specialists\/gravina-giovanni\/\"]}]},{\"@type\":\"ImageObject\",\"inLanguage\":\"en-US\",\"@id\":\"https:\/\/casadicurasanrossore.it\/en\/our-specialists\/gravina-giovanni\/#primaryimage\",\"url\":\"https:\/\/casadicurasanrossore.it\/wp-content\/uploads\/2023\/06\/GRAVINA-1.jpg\",\"contentUrl\":\"https:\/\/casadicurasanrossore.it\/wp-content\/uploads\/2023\/06\/GRAVINA-1.jpg\",\"width\":1500,\"height\":1500},{\"@type\":\"BreadcrumbList\",\"@id\":\"https:\/\/casadicurasanrossore.it\/en\/our-specialists\/gravina-giovanni\/#breadcrumb\",\"itemListElement\":[{\"@type\":\"ListItem\",\"position\":1,\"name\":\"Our specialists\",\"item\":\"https:\/\/casadicurasanrossore.it\/i-nostri-medici\/\"},{\"@type\":\"ListItem\",\"position\":2,\"name\":\"Gravina Giovanni\"}]},{\"@type\":\"WebSite\",\"@id\":\"https:\/\/casadicurasanrossore.it\/#website\",\"url\":\"https:\/\/casadicurasanrossore.it\/\",\"name\":\"Casa di Cura Privata San Rossore\",\"description\":\"\",\"publisher\":{\"@id\":\"https:\/\/casadicurasanrossore.it\/#organization\"},\"potentialAction\":[{\"@type\":\"SearchAction\",\"target\":{\"@type\":\"EntryPoint\",\"urlTemplate\":\"https:\/\/casadicurasanrossore.it\/?s={search_term_string}\"},\"query-input\":{\"@type\":\"PropertyValueSpecification\",\"valueRequired\":true,\"valueName\":\"search_term_string\"}}],\"inLanguage\":\"en-US\"},{\"@type\":\"Organization\",\"@id\":\"https:\/\/casadicurasanrossore.it\/#organization\",\"name\":\"Casa di Cura San Rossore\",\"url\":\"https:\/\/casadicurasanrossore.it\/\",\"logo\":{\"@type\":\"ImageObject\",\"inLanguage\":\"en-US\",\"@id\":\"https:\/\/casadicurasanrossore.it\/#\/schema\/logo\/image\/\",\"url\":\"https:\/\/casadicurasanrossore.it\/wp-content\/uploads\/2023\/11\/SR-logo_official-3.png\",\"contentUrl\":\"https:\/\/casadicurasanrossore.it\/wp-content\/uploads\/2023\/11\/SR-logo_official-3.png\",\"width\":860,\"height\":324,\"caption\":\"Casa di Cura San Rossore\"},\"image\":{\"@id\":\"https:\/\/casadicurasanrossore.it\/#\/schema\/logo\/image\/\"},\"sameAs\":[\"https:\/\/www.facebook.com\/casadicurasanrossore\/\"]}]}<\/script>\n<!-- \/ Yoast SEO plugin. -->","yoast_head_json":{"title":"Gravina Giovanni - Casa di Cura Privata San Rossore","robots":{"index":"index","follow":"follow","max-snippet":"max-snippet:-1","max-image-preview":"max-image-preview:large","max-video-preview":"max-video-preview:-1"},"canonical":"https:\/\/casadicurasanrossore.it\/en\/our-specialists\/gravina-giovanni\/","og_locale":"en_US","og_type":"article","og_title":"Gravina Giovanni - Casa di Cura Privata San Rossore","og_description":"[vc_row unlock_row_content=&#8221;yes&#8221; row_height_percent=&#8221;100&#8243; override_padding=&#8221;yes&#8221; h_padding=&#8221;0&#8243; top_padding=&#8221;0&#8243; bottom_padding=&#8221;0&#8243; back_color=&#8221;color-xsdn&#8221; overlay_alpha=&#8221;50&#8243; equal_height=&#8221;yes&#8221; gutter_size=&#8221;3&#8243; column_width_percent=&#8221;100&#8243; shift_y=&#8221;0&#8243; z_index=&#8221;0&#8243; uncode_shortcode_id=&#8221;128012&#8243; back_color_type=&#8221;uncode-palette&#8221;][vc_column column_width_percent=&#8221;100&#8243; gutter_size=&#8221;3&#8243; expand_height=&#8221;yes&#8221; style=&#8221;dark&#8221; [&hellip;]","og_url":"https:\/\/casadicurasanrossore.it\/en\/our-specialists\/gravina-giovanni\/","og_site_name":"Casa di Cura Privata San Rossore","article_publisher":"https:\/\/www.facebook.com\/casadicurasanrossore\/","article_modified_time":"2025-10-27T15:49:42+00:00","og_image":[{"width":1500,"height":1500,"url":"https:\/\/casadicurasanrossore.it\/wp-content\/uploads\/2023\/06\/GRAVINA-1.jpg","type":"image\/jpeg"}],"twitter_card":"summary_large_image","twitter_misc":{"Est. reading time":"3 minutes"},"schema":{"@context":"https:\/\/schema.org","@graph":[{"@type":"WebPage","@id":"https:\/\/casadicurasanrossore.it\/en\/our-specialists\/gravina-giovanni\/","url":"https:\/\/casadicurasanrossore.it\/en\/our-specialists\/gravina-giovanni\/","name":"Gravina Giovanni - Casa di Cura Privata San Rossore","isPartOf":{"@id":"https:\/\/casadicurasanrossore.it\/#website"},"primaryImageOfPage":{"@id":"https:\/\/casadicurasanrossore.it\/en\/our-specialists\/gravina-giovanni\/#primaryimage"},"image":{"@id":"https:\/\/casadicurasanrossore.it\/en\/our-specialists\/gravina-giovanni\/#primaryimage"},"thumbnailUrl":"https:\/\/casadicurasanrossore.it\/wp-content\/uploads\/2023\/06\/GRAVINA-1.jpg","datePublished":"2023-06-09T13:09:29+00:00","dateModified":"2025-10-27T15:49:42+00:00","breadcrumb":{"@id":"https:\/\/casadicurasanrossore.it\/en\/our-specialists\/gravina-giovanni\/#breadcrumb"},"inLanguage":"en-US","potentialAction":[{"@type":"ReadAction","target":["https:\/\/casadicurasanrossore.it\/en\/our-specialists\/gravina-giovanni\/"]}]},{"@type":"ImageObject","inLanguage":"en-US","@id":"https:\/\/casadicurasanrossore.it\/en\/our-specialists\/gravina-giovanni\/#primaryimage","url":"https:\/\/casadicurasanrossore.it\/wp-content\/uploads\/2023\/06\/GRAVINA-1.jpg","contentUrl":"https:\/\/casadicurasanrossore.it\/wp-content\/uploads\/2023\/06\/GRAVINA-1.jpg","width":1500,"height":1500},{"@type":"BreadcrumbList","@id":"https:\/\/casadicurasanrossore.it\/en\/our-specialists\/gravina-giovanni\/#breadcrumb","itemListElement":[{"@type":"ListItem","position":1,"name":"Our specialists","item":"https:\/\/casadicurasanrossore.it\/i-nostri-medici\/"},{"@type":"ListItem","position":2,"name":"Gravina Giovanni"}]},{"@type":"WebSite","@id":"https:\/\/casadicurasanrossore.it\/#website","url":"https:\/\/casadicurasanrossore.it\/","name":"Casa di Cura Privata San Rossore","description":"","publisher":{"@id":"https:\/\/casadicurasanrossore.it\/#organization"},"potentialAction":[{"@type":"SearchAction","target":{"@type":"EntryPoint","urlTemplate":"https:\/\/casadicurasanrossore.it\/?s={search_term_string}"},"query-input":{"@type":"PropertyValueSpecification","valueRequired":true,"valueName":"search_term_string"}}],"inLanguage":"en-US"},{"@type":"Organization","@id":"https:\/\/casadicurasanrossore.it\/#organization","name":"Casa di Cura San Rossore","url":"https:\/\/casadicurasanrossore.it\/","logo":{"@type":"ImageObject","inLanguage":"en-US","@id":"https:\/\/casadicurasanrossore.it\/#\/schema\/logo\/image\/","url":"https:\/\/casadicurasanrossore.it\/wp-content\/uploads\/2023\/11\/SR-logo_official-3.png","contentUrl":"https:\/\/casadicurasanrossore.it\/wp-content\/uploads\/2023\/11\/SR-logo_official-3.png","width":860,"height":324,"caption":"Casa di Cura San Rossore"},"image":{"@id":"https:\/\/casadicurasanrossore.it\/#\/schema\/logo\/image\/"},"sameAs":["https:\/\/www.facebook.com\/casadicurasanrossore\/"]}]}},"_links":{"self":[{"href":"https:\/\/casadicurasanrossore.it\/en\/wp-json\/wp\/v2\/pages\/129765","targetHints":{"allow":["GET"]}}],"collection":[{"href":"https:\/\/casadicurasanrossore.it\/en\/wp-json\/wp\/v2\/pages"}],"about":[{"href":"https:\/\/casadicurasanrossore.it\/en\/wp-json\/wp\/v2\/types\/page"}],"author":[{"embeddable":true,"href":"https:\/\/casadicurasanrossore.it\/en\/wp-json\/wp\/v2\/users\/3"}],"replies":[{"embeddable":true,"href":"https:\/\/casadicurasanrossore.it\/en\/wp-json\/wp\/v2\/comments?post=129765"}],"version-history":[{"count":0,"href":"https:\/\/casadicurasanrossore.it\/en\/wp-json\/wp\/v2\/pages\/129765\/revisions"}],"up":[{"embeddable":true,"href":"https:\/\/casadicurasanrossore.it\/en\/wp-json\/wp\/v2\/pages\/129955"}],"wp:featuredmedia":[{"embeddable":true,"href":"https:\/\/casadicurasanrossore.it\/en\/wp-json\/wp\/v2\/media\/122035"}],"wp:attachment":[{"href":"https:\/\/casadicurasanrossore.it\/en\/wp-json\/wp\/v2\/media?parent=129765"}],"curies":[{"name":"wp","href":"https:\/\/api.w.org\/{rel}","templated":true}]}}