{"id":130257,"date":"2023-06-07T10:06:07","date_gmt":"2023-06-07T09:06:07","guid":{"rendered":"https:\/\/casadicurasanrossore.it\/our-specialists\/marchi-santino\/"},"modified":"2025-10-27T14:35:06","modified_gmt":"2025-10-27T13:35:06","slug":"marchi-santino","status":"publish","type":"page","link":"https:\/\/casadicurasanrossore.it\/en\/our-specialists\/marchi-santino\/","title":{"rendered":"Marchi Santino"},"content":{"rendered":"<div class=\"wpb-content-wrapper\"><p>[vc_row unlock_row_content=&#8221;yes&#8221; row_height_percent=&#8221;100&#8243; override_padding=&#8221;yes&#8221; h_padding=&#8221;0&#8243; top_padding=&#8221;0&#8243; bottom_padding=&#8221;0&#8243; back_color=&#8221;color-xsdn&#8221; overlay_alpha=&#8221;50&#8243; equal_height=&#8221;yes&#8221; gutter_size=&#8221;3&#8243; column_width_percent=&#8221;100&#8243; shift_y=&#8221;0&#8243; z_index=&#8221;0&#8243; uncode_shortcode_id=&#8221;128012&#8243; back_color_type=&#8221;uncode-palette&#8221;][vc_column column_width_percent=&#8221;100&#8243; gutter_size=&#8221;3&#8243; expand_height=&#8221;yes&#8221; style=&#8221;dark&#8221; overlay_alpha=&#8221;50&#8243; shift_x=&#8221;0&#8243; shift_y=&#8221;0&#8243; z_index=&#8221;0&#8243; medium_width=&#8221;0&#8243; width=&#8221;1\/1&#8243;][vc_row_inner row_inner_height_percent=&#8221;0&#8243; overlay_alpha=&#8221;50&#8243; equal_height=&#8221;yes&#8221; gutter_size=&#8221;0&#8243; shift_y=&#8221;0&#8243;][vc_column_inner column_width_use_pixel=&#8221;yes&#8221; gutter_size=&#8221;3&#8243; expand_height=&#8221;yes&#8221; back_color=&#8221;color-xsdn&#8221; overlay_alpha=&#8221;50&#8243; shift_x=&#8221;0&#8243; shift_y=&#8221;0&#8243; shift_y_down=&#8221;0&#8243; z_index=&#8221;0&#8243; medium_width=&#8221;0&#8243; mobile_width=&#8221;0&#8243; width=&#8221;1\/3&#8243; mobile_height=&#8221;300&#8243; uncode_shortcode_id=&#8221;109753&#8243; back_color_type=&#8221;uncode-palette&#8221; css=&#8221;.vc_custom_1683649659537{border-bottom-width: 0px !important;padding-top: 0px !important;padding-right: 0px !important;padding-left: 0px !important;}&#8221;][vc_single_image media=&#8221;122586&#8243; media_width_percent=&#8221;100&#8243; uncode_shortcode_id=&#8221;201239&#8243;][vc_custom_heading text_color=&#8221;color-nhtu&#8221; heading_semantic=&#8221;h1&#8243; text_font=&#8221;font-207245&#8243; text_size=&#8221;fontsize-417312&#8243; text_transform=&#8221;uppercase&#8221; text_align=&#8221;text-left&#8221; uncode_shortcode_id=&#8221;125752&#8243; text_color_type=&#8221;uncode-palette&#8221; el_class=&#8221;medico_left-content specifiche&#8221;]Marchi Santino[\/vc_custom_heading][vc_empty_space empty_h=&#8221;0&#8243; el_class=&#8221;specifiche&#8221;][uncode_info_box items=&#8221;Categories|do_not_display_prefix&#8221; text_font=&#8221;font-116733&#8243; text_size=&#8221;fontsize-120545&#8243; text_weight=&#8221;600&#8243; text_transform=&#8221;uppercase&#8221; separator=&#8221;pipe&#8221; css_animation=&#8221;left-t-right&#8221; el_class=&#8221;medico_left-content specifiche&#8221;][vc_empty_space empty_h=&#8221;2&#8243; el_class=&#8221;specifiche&#8221;][vc_button button_color=&#8221;color-wayh&#8221; radius=&#8221;btn-circle&#8221; border_animation=&#8221;btn-ripple-in&#8221; hover_fx=&#8221;outlined&#8221; custom_typo=&#8221;yes&#8221; font_family=&#8221;font-116733&#8243; font_weight=&#8221;700&#8243; letter_spacing=&#8221;fontspace-361482&#8243; border_width=&#8221;0&#8243; uncode_shortcode_id=&#8221;403560&#8243; button_color_type=&#8221;uncode-palette&#8221; el_class=&#8221;medico_left-content specifiche&#8221; link=&#8221;url:https%3A%2F%2Fonline.casadicurasanrossore.it%2F%23BookingByHealthcareProfessional%2F1|target:_blank&#8221;]Prenota una visita[\/vc_button][vc_empty_space empty_h=&#8221;3&#8243; el_class=&#8221;specifiche&#8221;][\/vc_column_inner][vc_column_inner column_width_percent=&#8221;65&#8243; gutter_size=&#8221;3&#8243; override_padding=&#8221;yes&#8221; column_padding=&#8221;3&#8243; style=&#8221;dark&#8221; back_color=&#8221;color-nhtu&#8221; overlay_alpha=&#8221;50&#8243; shift_x=&#8221;0&#8243; shift_y=&#8221;0&#8243; shift_y_down=&#8221;0&#8243; z_index=&#8221;0&#8243; medium_width=&#8221;0&#8243; mobile_width=&#8221;0&#8243; width=&#8221;2\/3&#8243; uncode_shortcode_id=&#8221;170516&#8243; back_color_type=&#8221;uncode-palette&#8221;][vc_custom_heading text_font=&#8221;font-207245&#8243; text_size=&#8221;fontsize-962128&#8243; text_transform=&#8221;uppercase&#8221; sub_lead=&#8221;yes&#8221; sub_reduced=&#8221;yes&#8221; text_align=&#8221;text-left&#8221; uncode_shortcode_id=&#8221;126058&#8243; subheading=&#8221;Curriculum&#8221; el_class=&#8221;subheading_style&#8221;]Marchi Santino[\/vc_custom_heading][vc_separator sep_color=&#8221;color-xsdn&#8221; uncode_shortcode_id=&#8221;106976&#8243; sep_color_type=&#8221;uncode-palette&#8221; el_height=&#8221;1px&#8221;][vc_custom_heading text_size=&#8221;fontsize-165748&#8243; text_align=&#8221;text-left&#8221; uncode_shortcode_id=&#8221;201285&#8243;]Formazione accademica[\/vc_custom_heading][vc_column_text uncode_shortcode_id=&#8221;342109&#8243; css=&#8221;.vc_custom_1686132149825{margin-top: 10px !important;}&#8221;]<\/p>\n<ul>\n<li>Si laurea con lode in Medicina e Chirurgia presso l\u2019Universit\u00e0 di Pisa.<\/li>\n<li>Si specializza con lode in Malattie dell\u2019Apparato Digerente presso l\u2019Universit\u00e0 di Pisa.<\/li>\n<\/ul>\n<p>[\/vc_column_text][vc_custom_heading text_size=&#8221;fontsize-165748&#8243; text_align=&#8221;text-left&#8221; uncode_shortcode_id=&#8221;210215&#8243;]Formazione professionale[\/vc_custom_heading][vc_column_text uncode_shortcode_id=&#8221;544170&#8243; css=&#8221;.vc_custom_1686132160340{margin-top: 10px !important;}&#8221;]<\/p>\n<ul>\n<li>Dal 2005 al 2021 \u00e8 stato Direttore della Unit\u00e0 Operativa Complessa di Gastroenterologia dell\u2019Azienda Ospedaliero Universitaria Pisana.<\/li>\n<\/ul>\n<p>[\/vc_column_text][vc_custom_heading text_size=&#8221;fontsize-165748&#8243; text_align=&#8221;text-left&#8221; uncode_shortcode_id=&#8221;142494&#8243;]Docenza[\/vc_custom_heading][vc_column_text uncode_shortcode_id=&#8221;784821&#8243; css=&#8221;.vc_custom_1686132169026{margin-top: 10px !important;}&#8221;]<\/p>\n<ul>\n<li>L\u2019attivit\u00e0 didattica \u00e8 continuativa in numerosi corsi di insegnamento dell\u2019Universit\u00e0 di Pisa (Medicina e Chirurgia, Scienze della nutrizione Umana, Odontoiatria, Igiene Dentale).<\/li>\n<li>\u00c8 Professore Ordinario di Gastroenterologia presso l\u2019Universit\u00e0 di Pisa.<\/li>\n<li>\u00c8 Relatore di oltre 100 tesi di laurea in Medicina e Chirurgia.<\/li>\n<li>\u00c8 Componente del Collegio dei Docenti in numerosi Dottorati di Ricerca e di Master dell\u2019Universit\u00e0 di Pisa e di altre Universit\u00e0 italiane.<\/li>\n<li>Dal 2008 al 2021 \u00e8 stato Direttore della Scuola di Specializzazione in Malattie dell\u2019Apparato Digerente dell\u2019Universit\u00e0 di Pisa e Docente di Gastroenterologia in numerose altre Scuole di specializzazione.<\/li>\n<\/ul>\n<p>[\/vc_column_text][vc_custom_heading text_size=&#8221;fontsize-165748&#8243; text_align=&#8221;text-left&#8221; uncode_shortcode_id=&#8221;603670&#8243;]Di cosa si occupa[\/vc_custom_heading][vc_column_text uncode_shortcode_id=&#8221;643856&#8243; css=&#8221;.vc_custom_1686132251373{margin-top: 10px !important;}&#8221;]<\/p>\n<p style=\"font-weight: 400;\">I\u00a0settori clinici\u00a0di maggiore interesse sono:<\/p>\n<ul>\n<li>Malattie esofagee (Malattia da Reflusso GastroEsofageo, Esofago di Barrett, Esofagite Eosinofila, disturbi motori esofagei)<\/li>\n<li>Malattia peptica, infezione da Helicobacter pylori, Gastrite Cronica Autoimmune<\/li>\n<li>Malattia celiaca, intolleranze alimentari, SIBO (Sindrome da Sovracrescita Batterica del Tenue), Sindrome dell\u2019Intestino Irritabile<\/li>\n<li>Malattie infiammatorie Croniche Intestinali (Colite Ulcerosa e Malattia di Crohn)<\/li>\n<li>Diverticolosi del colon e sue complicanze<\/li>\n<li>Epatiti Croniche, Cirrosi Epatica e sue complicanze<\/li>\n<li>Malattie Croniche del Pancreas<\/li>\n<\/ul>\n<p>[\/vc_column_text][vc_custom_heading text_size=&#8221;fontsize-165748&#8243; text_align=&#8221;text-left&#8221; uncode_shortcode_id=&#8221;101442&#8243;]Altre informazioni[\/vc_custom_heading][vc_column_text uncode_shortcode_id=&#8221;596511&#8243; css=&#8221;.vc_custom_1686132201628{margin-top: 10px !important;}&#8221;]<\/p>\n<ul>\n<li>\u00c8 Socio di numerose Societ\u00e0 Scientifiche e gi\u00e0 Componente del Direttivo Nazionale della SIGE (Societ\u00e0 Italiana di Gastroenterologia e d Endoscopia) e del Direttivo Nazionale della FISMAD (Federazione Italiana delle Societ\u00e0 di Malattie dell\u2019Apparato Digerente).<\/li>\n<li>Dal 2007 al 2012 \u00e8 stato Membro del Consiglio di Amministrazione dell\u2019Universit\u00e0 di Pisa e componente delle commissioni di ateneo.<\/li>\n<li>\u00c8 componente della Commissione 06 per l\u2019attribuzione dei fondi di ricerca di ateneo.<\/li>\n<li>\u00c8 Coordinatore delle Malattie Rare dell\u2019Apparato Digerente della Regione Toscana.<\/li>\n<li>\u00c8 Componente della Commissione Terapeutica della Regione Toscana.<\/li>\n<\/ul>\n<p>[\/vc_column_text][vc_custom_heading text_size=&#8221;fontsize-165748&#8243; text_align=&#8221;text-left&#8221; uncode_shortcode_id=&#8221;357460&#8243;]Pubblicazioni[\/vc_custom_heading][vc_column_text uncode_shortcode_id=&#8221;108854&#8243; css=&#8221;.vc_custom_1686132288090{margin-top: 10px !important;}&#8221;]<\/p>\n<ul>\n<li>\u00c8 autore di circa 200 lavori in estenso su riviste internazionali recensite (H index 40 e oltre 9000 citazioni) e di oltre 300 abracts su riviste recensite.<\/li>\n<li>\u00c8 autore di 20 capitoli di libro e traduttore di tre capitoli dell\u2019ultima edizione del principale testo di gastroenterologia \u201cGastrointestinal and Liver Disesases\u201d Sleisingerand Fortrand.<\/li>\n<li>Referee delle principali riviste di Gastroenterologia e relatore a numerosi congressi nazionali e internazionali.<\/li>\n<li>Numerosi grant e fondi di ricerca nazionali e internazionali e principal investigator in numerosi studi nazionali internazionali su nuove molecole farmacologiche in Fase II e III.<\/li>\n<\/ul>\n<p>[\/vc_column_text][vc_empty_space empty_h=&#8221;2&#8243; el_class=&#8221;pushUp&#8221;][\/vc_column_inner][\/vc_row_inner][\/vc_column][\/vc_row]<\/p>\n<\/div>","protected":false},"excerpt":{"rendered":"<p>[vc_row unlock_row_content=&#8221;yes&#8221; row_height_percent=&#8221;100&#8243; override_padding=&#8221;yes&#8221; h_padding=&#8221;0&#8243; top_padding=&#8221;0&#8243; bottom_padding=&#8221;0&#8243; back_color=&#8221;color-xsdn&#8221; overlay_alpha=&#8221;50&#8243; equal_height=&#8221;yes&#8221; gutter_size=&#8221;3&#8243; column_width_percent=&#8221;100&#8243; shift_y=&#8221;0&#8243; z_index=&#8221;0&#8243; uncode_shortcode_id=&#8221;128012&#8243; back_color_type=&#8221;uncode-palette&#8221;][vc_column column_width_percent=&#8221;100&#8243; gutter_size=&#8221;3&#8243; expand_height=&#8221;yes&#8221; style=&#8221;dark&#8221; [&hellip;]<\/p>\n","protected":false},"author":3,"featured_media":122006,"parent":129955,"menu_order":0,"comment_status":"closed","ping_status":"closed","template":"","meta":{"footnotes":""},"class_list":["post-130257","page","type-page","status-publish","has-post-thumbnail","hentry","page_category-epatologia-en","page_category-gastroenterology","page_category-diseases-of-the-digestive-system"],"yoast_head":"<!-- This site is optimized with the Yoast SEO plugin v24.6 - https:\/\/yoast.com\/wordpress\/plugins\/seo\/ -->\n<title>Marchi Santino - Casa di Cura Privata San Rossore<\/title>\n<meta name=\"robots\" content=\"index, follow, max-snippet:-1, max-image-preview:large, max-video-preview:-1\" \/>\n<link rel=\"canonical\" href=\"https:\/\/casadicurasanrossore.it\/en\/our-specialists\/marchi-santino\/\" \/>\n<meta property=\"og:locale\" content=\"en_US\" \/>\n<meta property=\"og:type\" content=\"article\" \/>\n<meta property=\"og:title\" content=\"Marchi Santino - Casa di Cura Privata San Rossore\" \/>\n<meta property=\"og:description\" content=\"[vc_row unlock_row_content=&#8221;yes&#8221; row_height_percent=&#8221;100&#8243; override_padding=&#8221;yes&#8221; h_padding=&#8221;0&#8243; top_padding=&#8221;0&#8243; bottom_padding=&#8221;0&#8243; back_color=&#8221;color-xsdn&#8221; overlay_alpha=&#8221;50&#8243; equal_height=&#8221;yes&#8221; gutter_size=&#8221;3&#8243; column_width_percent=&#8221;100&#8243; shift_y=&#8221;0&#8243; z_index=&#8221;0&#8243; uncode_shortcode_id=&#8221;128012&#8243; back_color_type=&#8221;uncode-palette&#8221;][vc_column column_width_percent=&#8221;100&#8243; gutter_size=&#8221;3&#8243; expand_height=&#8221;yes&#8221; style=&#8221;dark&#8221; [&hellip;]\" \/>\n<meta property=\"og:url\" content=\"https:\/\/casadicurasanrossore.it\/en\/our-specialists\/marchi-santino\/\" \/>\n<meta property=\"og:site_name\" content=\"Casa di Cura Privata San Rossore\" \/>\n<meta property=\"article:publisher\" content=\"https:\/\/www.facebook.com\/casadicurasanrossore\/\" \/>\n<meta property=\"article:modified_time\" content=\"2025-10-27T13:35:06+00:00\" \/>\n<meta property=\"og:image\" content=\"https:\/\/casadicurasanrossore.it\/wp-content\/uploads\/2023\/06\/MARCHI-3.jpg\" \/>\n\t<meta property=\"og:image:width\" content=\"1500\" \/>\n\t<meta property=\"og:image:height\" content=\"1500\" \/>\n\t<meta property=\"og:image:type\" content=\"image\/jpeg\" \/>\n<meta name=\"twitter:card\" content=\"summary_large_image\" \/>\n<meta name=\"twitter:label1\" content=\"Est. reading time\" \/>\n\t<meta name=\"twitter:data1\" content=\"4 minutes\" \/>\n<script type=\"application\/ld+json\" class=\"yoast-schema-graph\">{\"@context\":\"https:\/\/schema.org\",\"@graph\":[{\"@type\":\"WebPage\",\"@id\":\"https:\/\/casadicurasanrossore.it\/en\/our-specialists\/marchi-santino\/\",\"url\":\"https:\/\/casadicurasanrossore.it\/en\/our-specialists\/marchi-santino\/\",\"name\":\"Marchi Santino - Casa di Cura Privata San Rossore\",\"isPartOf\":{\"@id\":\"https:\/\/casadicurasanrossore.it\/#website\"},\"primaryImageOfPage\":{\"@id\":\"https:\/\/casadicurasanrossore.it\/en\/our-specialists\/marchi-santino\/#primaryimage\"},\"image\":{\"@id\":\"https:\/\/casadicurasanrossore.it\/en\/our-specialists\/marchi-santino\/#primaryimage\"},\"thumbnailUrl\":\"https:\/\/casadicurasanrossore.it\/wp-content\/uploads\/2023\/06\/MARCHI-3.jpg\",\"datePublished\":\"2023-06-07T09:06:07+00:00\",\"dateModified\":\"2025-10-27T13:35:06+00:00\",\"breadcrumb\":{\"@id\":\"https:\/\/casadicurasanrossore.it\/en\/our-specialists\/marchi-santino\/#breadcrumb\"},\"inLanguage\":\"en-US\",\"potentialAction\":[{\"@type\":\"ReadAction\",\"target\":[\"https:\/\/casadicurasanrossore.it\/en\/our-specialists\/marchi-santino\/\"]}]},{\"@type\":\"ImageObject\",\"inLanguage\":\"en-US\",\"@id\":\"https:\/\/casadicurasanrossore.it\/en\/our-specialists\/marchi-santino\/#primaryimage\",\"url\":\"https:\/\/casadicurasanrossore.it\/wp-content\/uploads\/2023\/06\/MARCHI-3.jpg\",\"contentUrl\":\"https:\/\/casadicurasanrossore.it\/wp-content\/uploads\/2023\/06\/MARCHI-3.jpg\",\"width\":1500,\"height\":1500},{\"@type\":\"BreadcrumbList\",\"@id\":\"https:\/\/casadicurasanrossore.it\/en\/our-specialists\/marchi-santino\/#breadcrumb\",\"itemListElement\":[{\"@type\":\"ListItem\",\"position\":1,\"name\":\"Our specialists\",\"item\":\"https:\/\/casadicurasanrossore.it\/i-nostri-medici\/\"},{\"@type\":\"ListItem\",\"position\":2,\"name\":\"Marchi Santino\"}]},{\"@type\":\"WebSite\",\"@id\":\"https:\/\/casadicurasanrossore.it\/#website\",\"url\":\"https:\/\/casadicurasanrossore.it\/\",\"name\":\"Casa di Cura Privata San Rossore\",\"description\":\"\",\"publisher\":{\"@id\":\"https:\/\/casadicurasanrossore.it\/#organization\"},\"potentialAction\":[{\"@type\":\"SearchAction\",\"target\":{\"@type\":\"EntryPoint\",\"urlTemplate\":\"https:\/\/casadicurasanrossore.it\/?s={search_term_string}\"},\"query-input\":{\"@type\":\"PropertyValueSpecification\",\"valueRequired\":true,\"valueName\":\"search_term_string\"}}],\"inLanguage\":\"en-US\"},{\"@type\":\"Organization\",\"@id\":\"https:\/\/casadicurasanrossore.it\/#organization\",\"name\":\"Casa di Cura San Rossore\",\"url\":\"https:\/\/casadicurasanrossore.it\/\",\"logo\":{\"@type\":\"ImageObject\",\"inLanguage\":\"en-US\",\"@id\":\"https:\/\/casadicurasanrossore.it\/#\/schema\/logo\/image\/\",\"url\":\"https:\/\/casadicurasanrossore.it\/wp-content\/uploads\/2023\/11\/SR-logo_official-3.png\",\"contentUrl\":\"https:\/\/casadicurasanrossore.it\/wp-content\/uploads\/2023\/11\/SR-logo_official-3.png\",\"width\":860,\"height\":324,\"caption\":\"Casa di Cura San Rossore\"},\"image\":{\"@id\":\"https:\/\/casadicurasanrossore.it\/#\/schema\/logo\/image\/\"},\"sameAs\":[\"https:\/\/www.facebook.com\/casadicurasanrossore\/\"]}]}<\/script>\n<!-- \/ Yoast SEO plugin. -->","yoast_head_json":{"title":"Marchi Santino - Casa di Cura Privata San Rossore","robots":{"index":"index","follow":"follow","max-snippet":"max-snippet:-1","max-image-preview":"max-image-preview:large","max-video-preview":"max-video-preview:-1"},"canonical":"https:\/\/casadicurasanrossore.it\/en\/our-specialists\/marchi-santino\/","og_locale":"en_US","og_type":"article","og_title":"Marchi Santino - Casa di Cura Privata San Rossore","og_description":"[vc_row unlock_row_content=&#8221;yes&#8221; row_height_percent=&#8221;100&#8243; override_padding=&#8221;yes&#8221; h_padding=&#8221;0&#8243; top_padding=&#8221;0&#8243; bottom_padding=&#8221;0&#8243; back_color=&#8221;color-xsdn&#8221; overlay_alpha=&#8221;50&#8243; equal_height=&#8221;yes&#8221; gutter_size=&#8221;3&#8243; column_width_percent=&#8221;100&#8243; shift_y=&#8221;0&#8243; z_index=&#8221;0&#8243; uncode_shortcode_id=&#8221;128012&#8243; back_color_type=&#8221;uncode-palette&#8221;][vc_column column_width_percent=&#8221;100&#8243; gutter_size=&#8221;3&#8243; expand_height=&#8221;yes&#8221; style=&#8221;dark&#8221; [&hellip;]","og_url":"https:\/\/casadicurasanrossore.it\/en\/our-specialists\/marchi-santino\/","og_site_name":"Casa di Cura Privata San Rossore","article_publisher":"https:\/\/www.facebook.com\/casadicurasanrossore\/","article_modified_time":"2025-10-27T13:35:06+00:00","og_image":[{"width":1500,"height":1500,"url":"https:\/\/casadicurasanrossore.it\/wp-content\/uploads\/2023\/06\/MARCHI-3.jpg","type":"image\/jpeg"}],"twitter_card":"summary_large_image","twitter_misc":{"Est. reading time":"4 minutes"},"schema":{"@context":"https:\/\/schema.org","@graph":[{"@type":"WebPage","@id":"https:\/\/casadicurasanrossore.it\/en\/our-specialists\/marchi-santino\/","url":"https:\/\/casadicurasanrossore.it\/en\/our-specialists\/marchi-santino\/","name":"Marchi Santino - Casa di Cura Privata San Rossore","isPartOf":{"@id":"https:\/\/casadicurasanrossore.it\/#website"},"primaryImageOfPage":{"@id":"https:\/\/casadicurasanrossore.it\/en\/our-specialists\/marchi-santino\/#primaryimage"},"image":{"@id":"https:\/\/casadicurasanrossore.it\/en\/our-specialists\/marchi-santino\/#primaryimage"},"thumbnailUrl":"https:\/\/casadicurasanrossore.it\/wp-content\/uploads\/2023\/06\/MARCHI-3.jpg","datePublished":"2023-06-07T09:06:07+00:00","dateModified":"2025-10-27T13:35:06+00:00","breadcrumb":{"@id":"https:\/\/casadicurasanrossore.it\/en\/our-specialists\/marchi-santino\/#breadcrumb"},"inLanguage":"en-US","potentialAction":[{"@type":"ReadAction","target":["https:\/\/casadicurasanrossore.it\/en\/our-specialists\/marchi-santino\/"]}]},{"@type":"ImageObject","inLanguage":"en-US","@id":"https:\/\/casadicurasanrossore.it\/en\/our-specialists\/marchi-santino\/#primaryimage","url":"https:\/\/casadicurasanrossore.it\/wp-content\/uploads\/2023\/06\/MARCHI-3.jpg","contentUrl":"https:\/\/casadicurasanrossore.it\/wp-content\/uploads\/2023\/06\/MARCHI-3.jpg","width":1500,"height":1500},{"@type":"BreadcrumbList","@id":"https:\/\/casadicurasanrossore.it\/en\/our-specialists\/marchi-santino\/#breadcrumb","itemListElement":[{"@type":"ListItem","position":1,"name":"Our specialists","item":"https:\/\/casadicurasanrossore.it\/i-nostri-medici\/"},{"@type":"ListItem","position":2,"name":"Marchi Santino"}]},{"@type":"WebSite","@id":"https:\/\/casadicurasanrossore.it\/#website","url":"https:\/\/casadicurasanrossore.it\/","name":"Casa di Cura Privata San Rossore","description":"","publisher":{"@id":"https:\/\/casadicurasanrossore.it\/#organization"},"potentialAction":[{"@type":"SearchAction","target":{"@type":"EntryPoint","urlTemplate":"https:\/\/casadicurasanrossore.it\/?s={search_term_string}"},"query-input":{"@type":"PropertyValueSpecification","valueRequired":true,"valueName":"search_term_string"}}],"inLanguage":"en-US"},{"@type":"Organization","@id":"https:\/\/casadicurasanrossore.it\/#organization","name":"Casa di Cura San Rossore","url":"https:\/\/casadicurasanrossore.it\/","logo":{"@type":"ImageObject","inLanguage":"en-US","@id":"https:\/\/casadicurasanrossore.it\/#\/schema\/logo\/image\/","url":"https:\/\/casadicurasanrossore.it\/wp-content\/uploads\/2023\/11\/SR-logo_official-3.png","contentUrl":"https:\/\/casadicurasanrossore.it\/wp-content\/uploads\/2023\/11\/SR-logo_official-3.png","width":860,"height":324,"caption":"Casa di Cura San Rossore"},"image":{"@id":"https:\/\/casadicurasanrossore.it\/#\/schema\/logo\/image\/"},"sameAs":["https:\/\/www.facebook.com\/casadicurasanrossore\/"]}]}},"_links":{"self":[{"href":"https:\/\/casadicurasanrossore.it\/en\/wp-json\/wp\/v2\/pages\/130257","targetHints":{"allow":["GET"]}}],"collection":[{"href":"https:\/\/casadicurasanrossore.it\/en\/wp-json\/wp\/v2\/pages"}],"about":[{"href":"https:\/\/casadicurasanrossore.it\/en\/wp-json\/wp\/v2\/types\/page"}],"author":[{"embeddable":true,"href":"https:\/\/casadicurasanrossore.it\/en\/wp-json\/wp\/v2\/users\/3"}],"replies":[{"embeddable":true,"href":"https:\/\/casadicurasanrossore.it\/en\/wp-json\/wp\/v2\/comments?post=130257"}],"version-history":[{"count":0,"href":"https:\/\/casadicurasanrossore.it\/en\/wp-json\/wp\/v2\/pages\/130257\/revisions"}],"up":[{"embeddable":true,"href":"https:\/\/casadicurasanrossore.it\/en\/wp-json\/wp\/v2\/pages\/129955"}],"wp:featuredmedia":[{"embeddable":true,"href":"https:\/\/casadicurasanrossore.it\/en\/wp-json\/wp\/v2\/media\/122006"}],"wp:attachment":[{"href":"https:\/\/casadicurasanrossore.it\/en\/wp-json\/wp\/v2\/media?parent=130257"}],"curies":[{"name":"wp","href":"https:\/\/api.w.org\/{rel}","templated":true}]}}