{"id":130284,"date":"2023-06-06T14:46:29","date_gmt":"2023-06-06T14:46:29","guid":{"rendered":"https:\/\/casadicurasanrossore.it\/our-specialists\/mini-enrico\/"},"modified":"2023-06-06T14:46:29","modified_gmt":"2023-06-06T14:46:29","slug":"mini-enrico","status":"publish","type":"page","link":"https:\/\/casadicurasanrossore.it\/en\/our-specialists\/mini-enrico\/","title":{"rendered":"Mini Enrico"},"content":{"rendered":"<div class=\"wpb-content-wrapper\"><p>[vc_row unlock_row_content=&#8221;yes&#8221; row_height_percent=&#8221;100&#8243; override_padding=&#8221;yes&#8221; h_padding=&#8221;0&#8243; top_padding=&#8221;0&#8243; bottom_padding=&#8221;0&#8243; back_color=&#8221;color-xsdn&#8221; overlay_alpha=&#8221;50&#8243; equal_height=&#8221;yes&#8221; gutter_size=&#8221;3&#8243; column_width_percent=&#8221;100&#8243; shift_y=&#8221;0&#8243; z_index=&#8221;0&#8243; uncode_shortcode_id=&#8221;128012&#8243; back_color_type=&#8221;uncode-palette&#8221;][vc_column column_width_percent=&#8221;100&#8243; gutter_size=&#8221;3&#8243; expand_height=&#8221;yes&#8221; style=&#8221;dark&#8221; overlay_alpha=&#8221;50&#8243; shift_x=&#8221;0&#8243; shift_y=&#8221;0&#8243; z_index=&#8221;0&#8243; medium_width=&#8221;0&#8243; width=&#8221;1\/1&#8243;][vc_row_inner row_inner_height_percent=&#8221;0&#8243; overlay_alpha=&#8221;50&#8243; equal_height=&#8221;yes&#8221; gutter_size=&#8221;0&#8243; shift_y=&#8221;0&#8243;][vc_column_inner column_width_use_pixel=&#8221;yes&#8221; gutter_size=&#8221;3&#8243; expand_height=&#8221;yes&#8221; back_color=&#8221;color-xsdn&#8221; overlay_alpha=&#8221;50&#8243; shift_x=&#8221;0&#8243; shift_y=&#8221;0&#8243; shift_y_down=&#8221;0&#8243; z_index=&#8221;0&#8243; medium_width=&#8221;0&#8243; mobile_width=&#8221;0&#8243; width=&#8221;1\/3&#8243; mobile_height=&#8221;300&#8243; uncode_shortcode_id=&#8221;109753&#8243; back_color_type=&#8221;uncode-palette&#8221; css=&#8221;.vc_custom_1683649659537{border-bottom-width: 0px !important;padding-top: 0px !important;padding-right: 0px !important;padding-left: 0px !important;}&#8221;][vc_single_image media=&#8221;121283&#8243; media_width_percent=&#8221;100&#8243; uncode_shortcode_id=&#8221;162042&#8243;][vc_custom_heading text_color=&#8221;color-nhtu&#8221; heading_semantic=&#8221;h1&#8243; text_font=&#8221;font-207245&#8243; text_size=&#8221;fontsize-417312&#8243; text_transform=&#8221;uppercase&#8221; text_align=&#8221;text-left&#8221; uncode_shortcode_id=&#8221;134185&#8243; text_color_type=&#8221;uncode-palette&#8221; el_class=&#8221;medico_left-content specifiche&#8221;]Mini Enrico[\/vc_custom_heading][vc_empty_space empty_h=&#8221;0&#8243; el_class=&#8221;specifiche&#8221;][uncode_info_box items=&#8221;Categories|do_not_display_prefix&#8221; text_font=&#8221;font-116733&#8243; text_size=&#8221;fontsize-120545&#8243; text_weight=&#8221;600&#8243; text_transform=&#8221;uppercase&#8221; separator=&#8221;pipe&#8221; css_animation=&#8221;left-t-right&#8221; el_class=&#8221;medico_left-content specifiche&#8221;][vc_empty_space empty_h=&#8221;2&#8243; el_class=&#8221;specifiche&#8221;][vc_button button_color=&#8221;color-wayh&#8221; radius=&#8221;btn-circle&#8221; border_animation=&#8221;btn-ripple-in&#8221; hover_fx=&#8221;outlined&#8221; custom_typo=&#8221;yes&#8221; font_family=&#8221;font-116733&#8243; font_weight=&#8221;700&#8243; letter_spacing=&#8221;fontspace-361482&#8243; border_width=&#8221;0&#8243; uncode_shortcode_id=&#8221;403560&#8243; button_color_type=&#8221;uncode-palette&#8221; el_class=&#8221;medico_left-content specifiche&#8221; link=&#8221;url:https%3A%2F%2Fonline.casadicurasanrossore.it%2F%23BookingByHealthcareProfessional%2F1|target:_blank&#8221;]Prenota una visita[\/vc_button][vc_empty_space empty_h=&#8221;3&#8243; el_class=&#8221;specifiche&#8221;][\/vc_column_inner][vc_column_inner column_width_percent=&#8221;65&#8243; gutter_size=&#8221;3&#8243; override_padding=&#8221;yes&#8221; column_padding=&#8221;3&#8243; style=&#8221;dark&#8221; back_color=&#8221;color-nhtu&#8221; overlay_alpha=&#8221;50&#8243; shift_x=&#8221;0&#8243; shift_y=&#8221;0&#8243; shift_y_down=&#8221;0&#8243; z_index=&#8221;0&#8243; medium_width=&#8221;0&#8243; mobile_width=&#8221;0&#8243; width=&#8221;2\/3&#8243; uncode_shortcode_id=&#8221;170516&#8243; back_color_type=&#8221;uncode-palette&#8221;][vc_custom_heading text_font=&#8221;font-207245&#8243; text_size=&#8221;fontsize-962128&#8243; text_transform=&#8221;uppercase&#8221; sub_lead=&#8221;yes&#8221; sub_reduced=&#8221;yes&#8221; text_align=&#8221;text-left&#8221; uncode_shortcode_id=&#8221;133830&#8243; subheading=&#8221;Curriculum&#8221; el_class=&#8221;subheading_style&#8221;]Mini Enrico[\/vc_custom_heading][vc_separator sep_color=&#8221;color-xsdn&#8221; uncode_shortcode_id=&#8221;106976&#8243; sep_color_type=&#8221;uncode-palette&#8221; el_height=&#8221;1px&#8221;][vc_custom_heading text_size=&#8221;fontsize-165748&#8243; text_align=&#8221;text-left&#8221; uncode_shortcode_id=&#8221;201285&#8243;]Formazione accademica[\/vc_custom_heading][vc_column_text uncode_shortcode_id=&#8221;210648&#8243; css=&#8221;.vc_custom_1686302140473{margin-top: 10px !important;}&#8221;]<\/p>\n<ul>\n<li>Nel 1977 si laurea con lode in Medicina e Chirurgia presso l\u2019Universit\u00e0 di Firenze<\/li>\n<li>Nel 1980 consegue il diploma di specializzazione in Oncologia presso l\u2019Universit\u00e0 di Modena<\/li>\n<li>Dal 1981 al 1985 \u00e8 stato Research Scientist negli Stati Uniti presso la Yale University School of Medicine (Dipartimento di Medicina Interna \u2013 Sezione di Oncologia Medica e Dipartimento di Farmacologia)<\/li>\n<li>Nel 1988 ottiene il dottorato di ricerca in Farmacologia e Tossicologia presso l\u2019Universit\u00e0 di Firenze<\/li>\n<li>Nel 2010 ha trascorso un ulteriore periodo come Visiting Professor alla Yale University School of Medicine (Dipartimento di Medicina Interna \u2013 Sezione di Oncologia Medica e Dipartimento di Farmacologia)<\/li>\n<\/ul>\n<p>[\/vc_column_text][vc_custom_heading text_size=&#8221;fontsize-165748&#8243; text_align=&#8221;text-left&#8221; uncode_shortcode_id=&#8221;210215&#8243;]Formazione professionale[\/vc_custom_heading][vc_column_text uncode_shortcode_id=&#8221;205357&#8243; css=&#8221;.vc_custom_1686302147989{margin-top: 10px !important;}&#8221;]<\/p>\n<ul>\n<li>Dal 1977 \u00e8 iscritto all\u2019Albo dei Medici Chirurgi di Firenze.<\/li>\n<li>Dal 1992 \u00e8 stato Responsabile del Laboratorio di Farmacologia e Chemioterapia Antitumorale del medesimo ateneo fino al 2022.<\/li>\n<li>Dal 1993 al 2004 ha svolto funzioni di Dirigente Medico di I Livello presso il Servizio di Farmacologia Clinica dell\u2019AOUC.<\/li>\n<li>Dal 2004 al 2014 \u00e8 stato Direttore di Programma presso la SOD di Farmacologia Oncologica, Dipartimento Oncologico.<\/li>\n<li>Dal 2014 al 2022 \u00e8 stato Direttore dell\u2019Unit\u00e0 Operativa di Oncologia Traslazionale presso il Dipartimento Oncologico dell\u2019Azienda Ospedaliero Universitaria Careggi (AOUC) di Firenze dove ha svolto attivit\u00e0 clinica oncologica relativa al trattamento medico ed integrato di pazienti affetti da neoplasie solide dal 1993.<\/li>\n<\/ul>\n<p>[\/vc_column_text][vc_custom_heading text_size=&#8221;fontsize-165748&#8243; text_align=&#8221;text-left&#8221; uncode_shortcode_id=&#8221;142494&#8243;]Docenza[\/vc_custom_heading][vc_column_text uncode_shortcode_id=&#8221;125262&#8243; css=&#8221;.vc_custom_1686302165909{margin-top: 10px !important;}&#8221;]<\/p>\n<ul>\n<li>Dal 1983 al 1987 \u00e8 stato Professore a contratto di Farmacologia Cellulare presso l\u2019Universit\u00e0 di Siena.<\/li>\n<li>Dal 1988 al 1992 \u00e8 stato Professore a contratto di Farmacologia Antitumorale presso l\u2019Universit\u00e0 di Ferrara.<\/li>\n<li>Dal 1991 al 2019 \u00e8 stato Segretario del Gruppo Oncologico Chirurgico Cooperativo Italiano (GOCCI).<\/li>\n<li>Nel 1992 \u00e8 stato nominato Professore Associato di Farmacologia presso la Facolt\u00e0 di Medicina e Chirurgia dell\u2019Universit\u00e0 di Firenze.<\/li>\n<li>Nel 2001 \u00e8 diventato Professore Ordinario di Farmacologia presso l\u2019Universit\u00e0 di Firenze e successivamente nel 2008 \u00e8 diventato Professore Ordinario di Oncologia Medica.<\/li>\n<li>Dal 2005 al 2007 \u00e8 stato Segretario e poi Presidente (dal 2007 al 2013) della Cancer Section dell\u2019International Society of Chemoterapy a Londra.<\/li>\n<li>Dal 2011 al 2020 \u00e8 stato inoltre Direttore della Scuola di Specializzazione in Oncologia Medica dell\u2019Universit\u00e0 di Firenze.<\/li>\n<li>Dal 2018 \u00e8 Coordinatore del Gruppo di Lavoro Farmacologia Oncologica della Societ\u00e0 Italiana di Farmacologia.<\/li>\n<li>Fino al 2022 \u00e8 stato Professore Ordinario di Oncologia Medica presso l\u2019Universit\u00e0 di Firenze, Facolt\u00e0 di Medicina e Chirurgia e Scuola di Scienze della Salute Umana.<\/li>\n<li>Attualmente \u00e8 Docente a contratto presso la Scuola di Specializzazione di Oncologia Medica dell\u2019Universit\u00e0 di Firenze.<\/li>\n<li>Dal 2020 \u00e8 Presidente del Gruppo Oncologico Chirurgico Cooperativo Italiano (GOCCI).<\/li>\n<\/ul>\n<p>[\/vc_column_text][vc_custom_heading text_size=&#8221;fontsize-165748&#8243; text_align=&#8221;text-left&#8221; uncode_shortcode_id=&#8221;103683&#8243;]Di cosa si occupa[\/vc_custom_heading][vc_column_text uncode_shortcode_id=&#8221;355441&#8243; css=&#8221;.vc_custom_1686302202073{margin-top: 10px !important;}&#8221;]<\/p>\n<p style=\"font-weight: 400;\">Si occupa di ricerca traslazionale relativa ai meccanismi molecolari della resistenza ai farmaci antitumorali e alla farmacogenomica e farmacogenetica oncologica, avendo mantenuto il ruolo di Responsabile Scientifico di progetti di ricerca in corso presso il Dipartimento di Scienze della Salute dell\u2019Universit\u00e0 di Firenze e l\u2019incarico di Principal Investigator presso l\u2019AOUC per un altro progetto di ricerca.<\/p>\n<p style=\"font-weight: 400;\">\u00c8 esperto di oncologia clinica, farmacologia e farmacoterapia dei tumori e ricerca traslazionale sul cancro noto a livello nazionale e internazionale. Ha competenze sia in oncologia clinica che in farmacologia oncologica che gli consentono di interessarsi alla diagnosi e terapia oncologica anche mediante l\u2019applicazione personalizzata di biomarcatori molecolari predittivi di risposta e tossicit\u00e0 ai farmaci antitumorali nella pratica clinica.<\/p>\n<p style=\"font-weight: 400;\">Il Prof. Mini \u00e8 oncologo medico esperto nella diagnosi e nel trattamento dei tumori solidi come, ad esempio, il tumore del colon-retto, il tumore dello stomaco, il tumore del pancreas, altri tumori dell\u2019apparato digerente, il tumore del polmone, i tumori ginecologici e quelli urologici. La sua attivit\u00e0 clinica si prefigge di contribuire a individuare il miglior percorso diagnostico e terapeutico per ciascun paziente con l\u2019obiettivo di prevenire, curare e garantire la migliore qualit\u00e0 di vita. Questa attivit\u00e0 comprende prime visite oncologiche, consulenze oncologiche (seconde opinioni), visite di prevenzione oncologica generale e per singolo tumore, visite oncologiche di controllo, terapie oncologiche mediche.<\/p>\n<p>[\/vc_column_text][vc_custom_heading text_size=&#8221;fontsize-165748&#8243; text_align=&#8221;text-left&#8221; uncode_shortcode_id=&#8221;160861&#8243;]Altre informazioni[\/vc_custom_heading][vc_column_text uncode_shortcode_id=&#8221;855805&#8243; css=&#8221;.vc_custom_1686302234923{margin-top: 10px !important;}&#8221;]<\/p>\n<p style=\"font-weight: 400;\">Ha ricevuto vari premi e riconoscimenti e borse di studio per i risultati della sua ricerca. Tra questi, il Leukemia Society of America Special Fellow Award (New York) nel 1982, il Lady Tata Memorial Trust Award (Londra) e l\u2019Alberico Benedicenti Special Mention Award della Societ\u00e0 Italiana di Farmacologia (Milano) nel 1988 e nel 2019 l\u2019International Society of Antimicrobial Chemotherapy (ISAC) Fellow Award (Londra).<\/p>\n<p style=\"font-weight: 400;\">\u00c8 socio di varie societ\u00e0 scientifiche nazionali e internazionali di Oncologia e Farmacologia.<\/p>\n<p>[\/vc_column_text][vc_custom_heading text_size=&#8221;fontsize-165748&#8243; text_align=&#8221;text-left&#8221; uncode_shortcode_id=&#8221;990237&#8243;]Pubblicazioni[\/vc_custom_heading][vc_column_text uncode_shortcode_id=&#8221;223847&#8243; css=&#8221;.vc_custom_1686302267642{margin-top: 10px !important;}&#8221;]<\/p>\n<p style=\"font-weight: 400;\">\u00c8 autore di circa 270 pubblicazioni scientifiche internazionali e di oltre 180 nazionali. Il suo Impact Factor totale \u00e8 di oltee 1970 e il suo H index \u00e8 di 53 (Scopus).<\/p>\n<p style=\"font-weight: 400;\">Ha tenuto oltre 250 relazioni su invito a congressi nazionali e internazionali e seminari a Universit\u00e0 italiane ed estere e ha presentato oltre 350 comunicazioni in occasione di questo tipo di eventi scientifici.<\/p>\n<p style=\"font-weight: 400;\">Ha svolto e svolge un\u2019intensa attivit\u00e0 editoriale sia come editore che come revisore di prestigiose riviste scientifiche internzionali.<\/p>\n<p style=\"font-weight: 400;\"><a href=\"https:\/\/pubmed.ncbi.nlm.nih.gov\/?term=Mini+e%5BAuthor%5D&amp;sort=date&amp;size=200\">https:\/\/pubmed.ncbi.nlm.nih.gov\/?term=Mini+e%5BAuthor%5D&amp;sort=date&amp;size=200<\/a><\/p>\n<p>[\/vc_column_text][vc_empty_space empty_h=&#8221;2&#8243; el_class=&#8221;pushUp&#8221;][\/vc_column_inner][\/vc_row_inner][\/vc_column][\/vc_row]<\/p>\n<\/div>","protected":false},"excerpt":{"rendered":"<p>[vc_row unlock_row_content=&#8221;yes&#8221; row_height_percent=&#8221;100&#8243; override_padding=&#8221;yes&#8221; h_padding=&#8221;0&#8243; top_padding=&#8221;0&#8243; bottom_padding=&#8221;0&#8243; back_color=&#8221;color-xsdn&#8221; overlay_alpha=&#8221;50&#8243; equal_height=&#8221;yes&#8221; gutter_size=&#8221;3&#8243; column_width_percent=&#8221;100&#8243; shift_y=&#8221;0&#8243; z_index=&#8221;0&#8243; uncode_shortcode_id=&#8221;128012&#8243; back_color_type=&#8221;uncode-palette&#8221;][vc_column column_width_percent=&#8221;100&#8243; gutter_size=&#8221;3&#8243; expand_height=&#8221;yes&#8221; style=&#8221;dark&#8221; [&hellip;]<\/p>\n","protected":false},"author":3,"featured_media":122025,"parent":129955,"menu_order":0,"comment_status":"closed","ping_status":"closed","template":"","meta":{"footnotes":""},"class_list":["post-130284","page","type-page","status-publish","has-post-thumbnail","hentry","page_category-oncology"],"yoast_head":"<!-- This site is optimized with the Yoast SEO plugin v24.6 - https:\/\/yoast.com\/wordpress\/plugins\/seo\/ -->\n<title>Mini Enrico - Casa di Cura Privata San Rossore<\/title>\n<meta name=\"robots\" content=\"index, follow, max-snippet:-1, max-image-preview:large, max-video-preview:-1\" \/>\n<link rel=\"canonical\" href=\"https:\/\/casadicurasanrossore.it\/i-nostri-medici\/mini-enrico\/\" \/>\n<meta property=\"og:locale\" content=\"en_US\" \/>\n<meta property=\"og:type\" content=\"article\" \/>\n<meta property=\"og:title\" content=\"Mini Enrico - Casa di Cura Privata San Rossore\" \/>\n<meta property=\"og:description\" content=\"[vc_row unlock_row_content=&#8221;yes&#8221; row_height_percent=&#8221;100&#8243; override_padding=&#8221;yes&#8221; h_padding=&#8221;0&#8243; top_padding=&#8221;0&#8243; bottom_padding=&#8221;0&#8243; back_color=&#8221;color-xsdn&#8221; overlay_alpha=&#8221;50&#8243; equal_height=&#8221;yes&#8221; gutter_size=&#8221;3&#8243; column_width_percent=&#8221;100&#8243; shift_y=&#8221;0&#8243; z_index=&#8221;0&#8243; uncode_shortcode_id=&#8221;128012&#8243; back_color_type=&#8221;uncode-palette&#8221;][vc_column column_width_percent=&#8221;100&#8243; gutter_size=&#8221;3&#8243; expand_height=&#8221;yes&#8221; style=&#8221;dark&#8221; [&hellip;]\" \/>\n<meta property=\"og:url\" content=\"https:\/\/casadicurasanrossore.it\/i-nostri-medici\/mini-enrico\/\" \/>\n<meta property=\"og:site_name\" content=\"Casa di Cura Privata San Rossore\" \/>\n<meta property=\"article:publisher\" content=\"https:\/\/www.facebook.com\/casadicurasanrossore\/\" \/>\n<meta property=\"og:image\" content=\"https:\/\/casadicurasanrossore.it\/wp-content\/uploads\/2023\/06\/MINI.jpg\" \/>\n\t<meta property=\"og:image:width\" content=\"1500\" \/>\n\t<meta property=\"og:image:height\" content=\"1500\" \/>\n\t<meta property=\"og:image:type\" content=\"image\/jpeg\" \/>\n<meta name=\"twitter:card\" content=\"summary_large_image\" \/>\n<meta name=\"twitter:label1\" content=\"Est. reading time\" \/>\n\t<meta name=\"twitter:data1\" content=\"7 minutes\" \/>\n<script type=\"application\/ld+json\" class=\"yoast-schema-graph\">{\"@context\":\"https:\/\/schema.org\",\"@graph\":[{\"@type\":\"WebPage\",\"@id\":\"https:\/\/casadicurasanrossore.it\/i-nostri-medici\/mini-enrico\/\",\"url\":\"https:\/\/casadicurasanrossore.it\/i-nostri-medici\/mini-enrico\/\",\"name\":\"Mini Enrico - Casa di Cura Privata San Rossore\",\"isPartOf\":{\"@id\":\"https:\/\/casadicurasanrossore.it\/#website\"},\"primaryImageOfPage\":{\"@id\":\"https:\/\/casadicurasanrossore.it\/i-nostri-medici\/mini-enrico\/#primaryimage\"},\"image\":{\"@id\":\"https:\/\/casadicurasanrossore.it\/i-nostri-medici\/mini-enrico\/#primaryimage\"},\"thumbnailUrl\":\"https:\/\/casadicurasanrossore.it\/wp-content\/uploads\/2023\/06\/MINI.jpg\",\"datePublished\":\"2023-06-06T14:46:29+00:00\",\"breadcrumb\":{\"@id\":\"https:\/\/casadicurasanrossore.it\/i-nostri-medici\/mini-enrico\/#breadcrumb\"},\"inLanguage\":\"en-US\",\"potentialAction\":[{\"@type\":\"ReadAction\",\"target\":[\"https:\/\/casadicurasanrossore.it\/i-nostri-medici\/mini-enrico\/\"]}]},{\"@type\":\"ImageObject\",\"inLanguage\":\"en-US\",\"@id\":\"https:\/\/casadicurasanrossore.it\/i-nostri-medici\/mini-enrico\/#primaryimage\",\"url\":\"https:\/\/casadicurasanrossore.it\/wp-content\/uploads\/2023\/06\/MINI.jpg\",\"contentUrl\":\"https:\/\/casadicurasanrossore.it\/wp-content\/uploads\/2023\/06\/MINI.jpg\",\"width\":1500,\"height\":1500},{\"@type\":\"BreadcrumbList\",\"@id\":\"https:\/\/casadicurasanrossore.it\/i-nostri-medici\/mini-enrico\/#breadcrumb\",\"itemListElement\":[{\"@type\":\"ListItem\",\"position\":1,\"name\":\"Our specialists\",\"item\":\"https:\/\/casadicurasanrossore.it\/i-nostri-medici\/\"},{\"@type\":\"ListItem\",\"position\":2,\"name\":\"Mini Enrico\"}]},{\"@type\":\"WebSite\",\"@id\":\"https:\/\/casadicurasanrossore.it\/#website\",\"url\":\"https:\/\/casadicurasanrossore.it\/\",\"name\":\"Casa di Cura Privata San Rossore\",\"description\":\"\",\"publisher\":{\"@id\":\"https:\/\/casadicurasanrossore.it\/#organization\"},\"potentialAction\":[{\"@type\":\"SearchAction\",\"target\":{\"@type\":\"EntryPoint\",\"urlTemplate\":\"https:\/\/casadicurasanrossore.it\/?s={search_term_string}\"},\"query-input\":{\"@type\":\"PropertyValueSpecification\",\"valueRequired\":true,\"valueName\":\"search_term_string\"}}],\"inLanguage\":\"en-US\"},{\"@type\":\"Organization\",\"@id\":\"https:\/\/casadicurasanrossore.it\/#organization\",\"name\":\"Casa di Cura San Rossore\",\"url\":\"https:\/\/casadicurasanrossore.it\/\",\"logo\":{\"@type\":\"ImageObject\",\"inLanguage\":\"en-US\",\"@id\":\"https:\/\/casadicurasanrossore.it\/#\/schema\/logo\/image\/\",\"url\":\"https:\/\/casadicurasanrossore.it\/wp-content\/uploads\/2023\/11\/SR-logo_official-3.png\",\"contentUrl\":\"https:\/\/casadicurasanrossore.it\/wp-content\/uploads\/2023\/11\/SR-logo_official-3.png\",\"width\":860,\"height\":324,\"caption\":\"Casa di Cura San Rossore\"},\"image\":{\"@id\":\"https:\/\/casadicurasanrossore.it\/#\/schema\/logo\/image\/\"},\"sameAs\":[\"https:\/\/www.facebook.com\/casadicurasanrossore\/\"]}]}<\/script>\n<!-- \/ Yoast SEO plugin. -->","yoast_head_json":{"title":"Mini Enrico - Casa di Cura Privata San Rossore","robots":{"index":"index","follow":"follow","max-snippet":"max-snippet:-1","max-image-preview":"max-image-preview:large","max-video-preview":"max-video-preview:-1"},"canonical":"https:\/\/casadicurasanrossore.it\/i-nostri-medici\/mini-enrico\/","og_locale":"en_US","og_type":"article","og_title":"Mini Enrico - Casa di Cura Privata San Rossore","og_description":"[vc_row unlock_row_content=&#8221;yes&#8221; row_height_percent=&#8221;100&#8243; override_padding=&#8221;yes&#8221; h_padding=&#8221;0&#8243; top_padding=&#8221;0&#8243; bottom_padding=&#8221;0&#8243; back_color=&#8221;color-xsdn&#8221; overlay_alpha=&#8221;50&#8243; equal_height=&#8221;yes&#8221; gutter_size=&#8221;3&#8243; column_width_percent=&#8221;100&#8243; shift_y=&#8221;0&#8243; z_index=&#8221;0&#8243; uncode_shortcode_id=&#8221;128012&#8243; back_color_type=&#8221;uncode-palette&#8221;][vc_column column_width_percent=&#8221;100&#8243; gutter_size=&#8221;3&#8243; expand_height=&#8221;yes&#8221; style=&#8221;dark&#8221; [&hellip;]","og_url":"https:\/\/casadicurasanrossore.it\/i-nostri-medici\/mini-enrico\/","og_site_name":"Casa di Cura Privata San Rossore","article_publisher":"https:\/\/www.facebook.com\/casadicurasanrossore\/","og_image":[{"width":1500,"height":1500,"url":"https:\/\/casadicurasanrossore.it\/wp-content\/uploads\/2023\/06\/MINI.jpg","type":"image\/jpeg"}],"twitter_card":"summary_large_image","twitter_misc":{"Est. reading time":"7 minutes"},"schema":{"@context":"https:\/\/schema.org","@graph":[{"@type":"WebPage","@id":"https:\/\/casadicurasanrossore.it\/i-nostri-medici\/mini-enrico\/","url":"https:\/\/casadicurasanrossore.it\/i-nostri-medici\/mini-enrico\/","name":"Mini Enrico - Casa di Cura Privata San Rossore","isPartOf":{"@id":"https:\/\/casadicurasanrossore.it\/#website"},"primaryImageOfPage":{"@id":"https:\/\/casadicurasanrossore.it\/i-nostri-medici\/mini-enrico\/#primaryimage"},"image":{"@id":"https:\/\/casadicurasanrossore.it\/i-nostri-medici\/mini-enrico\/#primaryimage"},"thumbnailUrl":"https:\/\/casadicurasanrossore.it\/wp-content\/uploads\/2023\/06\/MINI.jpg","datePublished":"2023-06-06T14:46:29+00:00","breadcrumb":{"@id":"https:\/\/casadicurasanrossore.it\/i-nostri-medici\/mini-enrico\/#breadcrumb"},"inLanguage":"en-US","potentialAction":[{"@type":"ReadAction","target":["https:\/\/casadicurasanrossore.it\/i-nostri-medici\/mini-enrico\/"]}]},{"@type":"ImageObject","inLanguage":"en-US","@id":"https:\/\/casadicurasanrossore.it\/i-nostri-medici\/mini-enrico\/#primaryimage","url":"https:\/\/casadicurasanrossore.it\/wp-content\/uploads\/2023\/06\/MINI.jpg","contentUrl":"https:\/\/casadicurasanrossore.it\/wp-content\/uploads\/2023\/06\/MINI.jpg","width":1500,"height":1500},{"@type":"BreadcrumbList","@id":"https:\/\/casadicurasanrossore.it\/i-nostri-medici\/mini-enrico\/#breadcrumb","itemListElement":[{"@type":"ListItem","position":1,"name":"Our specialists","item":"https:\/\/casadicurasanrossore.it\/i-nostri-medici\/"},{"@type":"ListItem","position":2,"name":"Mini Enrico"}]},{"@type":"WebSite","@id":"https:\/\/casadicurasanrossore.it\/#website","url":"https:\/\/casadicurasanrossore.it\/","name":"Casa di Cura Privata San Rossore","description":"","publisher":{"@id":"https:\/\/casadicurasanrossore.it\/#organization"},"potentialAction":[{"@type":"SearchAction","target":{"@type":"EntryPoint","urlTemplate":"https:\/\/casadicurasanrossore.it\/?s={search_term_string}"},"query-input":{"@type":"PropertyValueSpecification","valueRequired":true,"valueName":"search_term_string"}}],"inLanguage":"en-US"},{"@type":"Organization","@id":"https:\/\/casadicurasanrossore.it\/#organization","name":"Casa di Cura San Rossore","url":"https:\/\/casadicurasanrossore.it\/","logo":{"@type":"ImageObject","inLanguage":"en-US","@id":"https:\/\/casadicurasanrossore.it\/#\/schema\/logo\/image\/","url":"https:\/\/casadicurasanrossore.it\/wp-content\/uploads\/2023\/11\/SR-logo_official-3.png","contentUrl":"https:\/\/casadicurasanrossore.it\/wp-content\/uploads\/2023\/11\/SR-logo_official-3.png","width":860,"height":324,"caption":"Casa di Cura San Rossore"},"image":{"@id":"https:\/\/casadicurasanrossore.it\/#\/schema\/logo\/image\/"},"sameAs":["https:\/\/www.facebook.com\/casadicurasanrossore\/"]}]}},"_links":{"self":[{"href":"https:\/\/casadicurasanrossore.it\/en\/wp-json\/wp\/v2\/pages\/130284","targetHints":{"allow":["GET"]}}],"collection":[{"href":"https:\/\/casadicurasanrossore.it\/en\/wp-json\/wp\/v2\/pages"}],"about":[{"href":"https:\/\/casadicurasanrossore.it\/en\/wp-json\/wp\/v2\/types\/page"}],"author":[{"embeddable":true,"href":"https:\/\/casadicurasanrossore.it\/en\/wp-json\/wp\/v2\/users\/3"}],"replies":[{"embeddable":true,"href":"https:\/\/casadicurasanrossore.it\/en\/wp-json\/wp\/v2\/comments?post=130284"}],"version-history":[{"count":0,"href":"https:\/\/casadicurasanrossore.it\/en\/wp-json\/wp\/v2\/pages\/130284\/revisions"}],"up":[{"embeddable":true,"href":"https:\/\/casadicurasanrossore.it\/en\/wp-json\/wp\/v2\/pages\/129955"}],"wp:featuredmedia":[{"embeddable":true,"href":"https:\/\/casadicurasanrossore.it\/en\/wp-json\/wp\/v2\/media\/122025"}],"wp:attachment":[{"href":"https:\/\/casadicurasanrossore.it\/en\/wp-json\/wp\/v2\/media?parent=130284"}],"curies":[{"name":"wp","href":"https:\/\/api.w.org\/{rel}","templated":true}]}}