{"id":130296,"date":"2023-06-05T14:08:37","date_gmt":"2023-06-05T14:08:37","guid":{"rendered":"https:\/\/casadicurasanrossore.it\/our-specialists\/palombo-carlo\/"},"modified":"2023-06-05T14:08:37","modified_gmt":"2023-06-05T14:08:37","slug":"palombo-carlo","status":"publish","type":"page","link":"https:\/\/casadicurasanrossore.it\/en\/our-specialists\/palombo-carlo\/","title":{"rendered":"Palombo Carlo"},"content":{"rendered":"<div class=\"wpb-content-wrapper\"><p>[vc_row unlock_row_content=&#8221;yes&#8221; row_height_percent=&#8221;100&#8243; override_padding=&#8221;yes&#8221; h_padding=&#8221;0&#8243; top_padding=&#8221;0&#8243; bottom_padding=&#8221;0&#8243; back_color=&#8221;color-xsdn&#8221; overlay_alpha=&#8221;50&#8243; equal_height=&#8221;yes&#8221; gutter_size=&#8221;3&#8243; column_width_percent=&#8221;100&#8243; shift_y=&#8221;0&#8243; z_index=&#8221;0&#8243; uncode_shortcode_id=&#8221;128012&#8243; back_color_type=&#8221;uncode-palette&#8221;][vc_column column_width_percent=&#8221;100&#8243; gutter_size=&#8221;3&#8243; expand_height=&#8221;yes&#8221; style=&#8221;dark&#8221; overlay_alpha=&#8221;50&#8243; shift_x=&#8221;0&#8243; shift_y=&#8221;0&#8243; z_index=&#8221;0&#8243; medium_width=&#8221;0&#8243; width=&#8221;1\/1&#8243;][vc_row_inner row_inner_height_percent=&#8221;0&#8243; overlay_alpha=&#8221;50&#8243; equal_height=&#8221;yes&#8221; gutter_size=&#8221;0&#8243; shift_y=&#8221;0&#8243;][vc_column_inner column_width_use_pixel=&#8221;yes&#8221; gutter_size=&#8221;3&#8243; expand_height=&#8221;yes&#8221; back_color=&#8221;color-xsdn&#8221; overlay_alpha=&#8221;50&#8243; shift_x=&#8221;0&#8243; shift_y=&#8221;0&#8243; shift_y_down=&#8221;0&#8243; z_index=&#8221;0&#8243; medium_width=&#8221;0&#8243; mobile_width=&#8221;0&#8243; width=&#8221;1\/3&#8243; mobile_height=&#8221;300&#8243; uncode_shortcode_id=&#8221;109753&#8243; back_color_type=&#8221;uncode-palette&#8221; css=&#8221;.vc_custom_1683649659537{border-bottom-width: 0px !important;padding-top: 0px !important;padding-right: 0px !important;padding-left: 0px !important;}&#8221;][vc_single_image media=&#8221;122539&#8243; media_width_percent=&#8221;100&#8243; uncode_shortcode_id=&#8221;179836&#8243;][vc_custom_heading text_color=&#8221;color-nhtu&#8221; heading_semantic=&#8221;h1&#8243; text_font=&#8221;font-207245&#8243; text_size=&#8221;fontsize-417312&#8243; text_transform=&#8221;uppercase&#8221; text_align=&#8221;text-left&#8221; uncode_shortcode_id=&#8221;228474&#8243; text_color_type=&#8221;uncode-palette&#8221; el_class=&#8221;medico_left-content specifiche&#8221;]Palombo Carlo[\/vc_custom_heading][vc_empty_space empty_h=&#8221;0&#8243; el_class=&#8221;specifiche&#8221;][uncode_info_box items=&#8221;Categories|do_not_display_prefix&#8221; text_font=&#8221;font-116733&#8243; text_size=&#8221;fontsize-120545&#8243; text_weight=&#8221;600&#8243; text_transform=&#8221;uppercase&#8221; separator=&#8221;pipe&#8221; css_animation=&#8221;left-t-right&#8221; el_class=&#8221;medico_left-content specifiche&#8221;][vc_empty_space empty_h=&#8221;2&#8243; el_class=&#8221;specifiche&#8221;][vc_button button_color=&#8221;color-wayh&#8221; radius=&#8221;btn-circle&#8221; border_animation=&#8221;btn-ripple-in&#8221; hover_fx=&#8221;outlined&#8221; custom_typo=&#8221;yes&#8221; font_family=&#8221;font-116733&#8243; font_weight=&#8221;700&#8243; letter_spacing=&#8221;fontspace-361482&#8243; border_width=&#8221;0&#8243; uncode_shortcode_id=&#8221;403560&#8243; button_color_type=&#8221;uncode-palette&#8221; el_class=&#8221;medico_left-content specifiche&#8221; link=&#8221;url:https%3A%2F%2Fonline.casadicurasanrossore.it%2F%23BookingByHealthcareProfessional%2F1|target:_blank&#8221;]Prenota una visita[\/vc_button][vc_empty_space empty_h=&#8221;3&#8243; el_class=&#8221;specifiche&#8221;][\/vc_column_inner][vc_column_inner column_width_percent=&#8221;65&#8243; gutter_size=&#8221;3&#8243; override_padding=&#8221;yes&#8221; column_padding=&#8221;3&#8243; style=&#8221;dark&#8221; back_color=&#8221;color-nhtu&#8221; overlay_alpha=&#8221;50&#8243; shift_x=&#8221;0&#8243; shift_y=&#8221;0&#8243; shift_y_down=&#8221;0&#8243; z_index=&#8221;0&#8243; medium_width=&#8221;0&#8243; mobile_width=&#8221;0&#8243; width=&#8221;2\/3&#8243; uncode_shortcode_id=&#8221;170516&#8243; back_color_type=&#8221;uncode-palette&#8221;][vc_custom_heading text_font=&#8221;font-207245&#8243; text_size=&#8221;fontsize-962128&#8243; text_transform=&#8221;uppercase&#8221; sub_lead=&#8221;yes&#8221; sub_reduced=&#8221;yes&#8221; text_align=&#8221;text-left&#8221; uncode_shortcode_id=&#8221;190019&#8243; subheading=&#8221;Curriculum&#8221; el_class=&#8221;subheading_style&#8221;]Palombo Carlo[\/vc_custom_heading][vc_separator sep_color=&#8221;color-xsdn&#8221; uncode_shortcode_id=&#8221;106976&#8243; sep_color_type=&#8221;uncode-palette&#8221; el_height=&#8221;1px&#8221;][vc_custom_heading text_size=&#8221;fontsize-165748&#8243; text_align=&#8221;text-left&#8221; uncode_shortcode_id=&#8221;201285&#8243;]Formazione accademica[\/vc_custom_heading][vc_column_text uncode_shortcode_id=&#8221;170495&#8243; css=&#8221;.vc_custom_1685973949664{margin-top: 10px !important;}&#8221;]<\/p>\n<ul>\n<li>Nel 1976 si laurea con lode in Medicina e Chirurgia presso l\u2019Universit\u00e0 di Pisa.<\/li>\n<li>Nel 1979 ottiene il Diploma di Specializzazione in Malattie dell\u2019Apparato Cardiovascolare presso l\u2019Universit\u00e0 di Pisa.<\/li>\n<li>Nel 1982 ottiene il Diploma di Specializzazione in Medicina Nucleare presso l\u2019Universit\u00e0 di Pisa.<\/li>\n<li>Nel 1990 ottiene l\u2019idoneit\u00e0 nazionale a Primario di Cardiologia.<\/li>\n<li>Nel 1996 ha frequentato Noninvasive Cardiac Laboratory, New England Medical Centre at Tuft University, Boston (Direttore: Prof. N.G. Pandian), per sviluppo e validazione clinica di metodiche di ecografia tridimensionale per la valutazione della placca carotidea.<\/li>\n<li>Dal 1996 al 1998 ha frequentato Clinique Pasteur, Unit\u00e9 de T\u00e9rapie Interventionelle (Direttore: Prof. Jean Marco), Toulouse (France), per studio dei meccanismi adrenergici del circolo coronarico nella cardiopatia ischemica, in collaborazione con l\u2019Universit\u00e0 di Milano.<\/li>\n<li>Nel 2005 ha conseguito\u00a0CRUI &#8211; British Council Research Fellowship presso Wales Heart Research Institute, Cardiff University, su progetto di ricerca su Wave intensity analysis.<\/li>\n<\/ul>\n<p>[\/vc_column_text][vc_custom_heading text_size=&#8221;fontsize-165748&#8243; text_align=&#8221;text-left&#8221; uncode_shortcode_id=&#8221;210215&#8243;]Formazione professionale[\/vc_custom_heading][vc_column_text uncode_shortcode_id=&#8221;110723&#8243; css=&#8221;.vc_custom_1685973971465{margin-top: 10px !important;}&#8221;]<\/p>\n<ul>\n<li>Dal 1977 al 1982 ha svolto la professione di Assistente volontario (\u201cmedico interno\u201d) presso l&#8217;Istituto di Patologia Speciale Medica dell\u2019Universit\u00e0 di Pisa e l\u2019Istituto di Fisiologia Clinica del CNR di Pisa, Unit\u00e0 Operativa di Cardiologia, con attivit\u00e0 di reparto e diagnostica noninvasiva (ECG basale e sforzo, ecocardiografia).<\/li>\n<li>Dal 1980 al 1982 ha anche svolto attivit\u00e0 consulenziale cardiologica e turni di guardia<br \/>\nmedico-cardiologica c\/o l\u2019Ospedale americano di Camp Darby, Tirrenia (PI).<\/li>\n<li>Dal 1982 al 2005 \u00e8 stato Ricercatore (inizialmente CNR, successivamente Universitario) presso gli Istituti di Fisiologia Clinica del CNR e Patologia Medica dell\u2019Universit\u00e0, come Assistente Medico fino al 1992, e quindi caporeparto e corresponsabile di ambulatorio di cardiologia, con attivit\u00e0 in unit\u00e0 coronarica, ambulatori ecocardiografici ed ergometrici, servizi di guardia.<\/li>\n<li>Dal 2005 al 2010 \u00e8 stato Dirigente medico di I livello c\/o l&#8217;U.O. Medicina Generale III Universitaria a indirizzo metabolico dell&#8217;Azienda Ospedaliero Universitaria Pisana (attivit\u00e0 di caporeparto corresponsabile; ambulatorio cardiologia e ipertensione arteriosa; laboratorio di ecografia cardiovascolare, guardie mediche interdivisionali e pronto soccorso), con incarico professionale di elevata specializzazione &#8220;Responsabile progetto Medicina Perioperatoria&#8221;.<\/li>\n<li>Dal 2010 \u00e8 Dirigente medico di I livello c\/o l&#8217;U.O. Anestesia e Rianimazione IV Universitaria dell&#8217;Azienda Ospedaliero Universitaria Pisana, con incarico professionale di elevatissima specializzazione &#8220;Responsabile progetto Attivit\u00e0 consulenziale avanzata nel preoperatorio&#8221;.<\/li>\n<li>Dal 2016 al 2021 \u00e8 stato Responsabile di Sezione Professionale di Rilevanza Dipartimentale come \u201cMedico Referente dell\u2019Ambulatorio di Cardiologia del Percorso di Preospedalizzazione \u2013 Polo di preospedalizzazione centralizzata Ed 30 Cisanello\u201d, dell&#8217;Azienda Ospedaliero Universitaria Pisana.<\/li>\n<li>Dal 2018 al 2021 ha ricoperto inoltre per primo la carica di Direttore del Centro Dipartimentale \u201cBraVHeart\u201d (Brain Vascular Heart Axis) per lo studio dell\u2019Asse Cuore-Cervello presso il Dipartimento di Patologia Chirurgica, Medica, Molecolare e di Area Critica dell\u2019Universit\u00e0 di Pisa.<\/li>\n<\/ul>\n<p style=\"font-weight: 400;\">L\u2019attivit\u00e0 assistenziale del prof Palombo si \u00e8 svolta regolarmente in interazione continua con l\u2019attivit\u00e0 di ricerca clinica finalizzata all\u2019affinamento delle metodiche diagnostiche ecografiche ed alla personalizzazione delle cure, prevalentemente nei campi della cardiopatia ischemica cronica, dello scompenso cardiaco, dell\u2019ipertensione arteriosa, delle patologie cardiovascolari associate al diabete ed all\u2019obesit\u00e0. Negli ultimi anni l\u2019attivit\u00e0 clinica principale \u00e8 consistita nella valutazione e controllo del rischio cardiovascolare in pazienti candidati a chirurgia, e nella valutazione e controllo del rischio cardiovascolare aterotrombotico con interventi personalizzati farmacologici e sullo stile di vita.<\/p>\n<ul>\n<li>Dal 1977 al 1978 svolge la professione di Sottotenente Medico di complemento c\/o Scuola Militare di Paracadutismo, a Pisa.<\/li>\n<li>Dal 1977 al 1981 svolge la professione di Medico Interno con compiti assistenziali presso l\u2019Istituto di Patologia Medica dell\u2019Universit\u00e0 di Pisa.<\/li>\n<li>Dal 1982 al 1988 \u00e8 stato Ricercatore CNR presso l\u2019Istituto di Fisiologia Clinica del CNR, Pisa<\/li>\n<li>Dal 1988 al 2002 \u00e8 stato Ricercatore Universitario presso l\u2019Istituto di Patologia Medica ed il Dipartimento di Medicina Interna dell\u2019Universit\u00e0 di Pisa.<\/li>\n<\/ul>\n<p>[\/vc_column_text][vc_custom_heading text_size=&#8221;fontsize-165748&#8243; text_align=&#8221;text-left&#8221; uncode_shortcode_id=&#8221;142494&#8243;]Docenza[\/vc_custom_heading][vc_column_text uncode_shortcode_id=&#8221;210402&#8243; css=&#8221;.vc_custom_1685973983631{margin-top: 10px !important;}&#8221;]<\/p>\n<ul>\n<li>Nel 2016 ottiene l\u2019idoneit\u00e0 nazionale a Professore Universitario di 1^ fascia (\u201cOrdinario\u201d) nelle discipline di Cardiologia (MED11) e Medicina Interna (MED09).<\/li>\n<li>Dal 2002 al 2021 \u00e8 stato Professore Associato di Medicina Interna presso l\u2019Universit\u00e0 di Pisa (fuori ruolo dal 2021).<\/li>\n<li>Attivit\u00e0 istituzionale presso l\u2019Universit\u00e0 di Pisa nelle discipline di Medicina Interna e Cardiologia, con lezioni frontali ed assistenza a tesi, svolta nel Corso di Laurea Specialistica in Medicina e Chirurgia, in Corsi di Laurea delle Professioni Sanitarie, Scuole di Specializzazione, Dottorati, Masters.<\/li>\n<li>Dal 2013 la Direzione e conduzione della Summer School dell\u2019Universit\u00e0 di Pisa \u201cCardiolung: Updates in Cardiovascular and Pulmonary Pathophysiology\u201d.<\/li>\n<\/ul>\n<p>[\/vc_column_text][vc_custom_heading text_size=&#8221;fontsize-165748&#8243; text_align=&#8221;text-left&#8221; uncode_shortcode_id=&#8221;121065&#8243;]Altre informazioni[\/vc_custom_heading][vc_column_text uncode_shortcode_id=&#8221;544229&#8243; css=&#8221;.vc_custom_1685974043934{margin-top: 10px !important;}&#8221;]<\/p>\n<p style=\"font-weight: 400;\">Le principali e pi\u00f9 recenti linee di ricerca, svolte regolarmente in collaborazione con prestigiose Universit\u00e0 Europee, possono essere cos\u00ec sintetizzate:<\/p>\n<ul>\n<li>Nuove tecnologie ad ultrasuoni per lo studio della dinamica cardio-vascolare (collaborazione con Wales College of Medicine, Cardiff, prof A.G. Fraser, e University College of London, prof A.D. Hughes)<\/li>\n<li>Funzione arteriosa, invecchiamento vascolare, diabete, obesit\u00e0 e rischio aterotrombotico<br \/>\n(collaborazione con King\u2019s College of London, prof KJ Cruickshank; Lund University, prof P.M. Nilsson; Peninsula University, Exeter, prof A. Shore; e Brunel University, Cardiovascular Biomechanics, London, prof A.W. Khir)<\/li>\n<li>Placca carotidea e rischio cerebrovascolare (collaborazione con Lund University, prof J. Nilsson)<\/li>\n<\/ul>\n<p style=\"font-weight: 400;\">Adattamenti cardiovascolari e neurovegetativi a stress e condizioni estreme (microgravit\u00e0), in collaborazione con Universit\u00e0 di Milano (proff M. Pagani e D. Lucini) ed Agenzia Spaziale Italiana.<\/p>\n<ul>\n<li>\u00c8 stato Revisore esterno per tesi di dottorato di ricerca c\/o Universit\u00e8 Claude Bernard, Lyon I, Villeurbanne Cedex 2006), Imperial College of London (2011), Wales College of Medicine (2016).<\/li>\n<li>\u00c8 esperto valutatore per progetti di ricerca nazionali (MUR) ed organismi stranieri (Cyprus<br \/>\nResearch Foundation e Slovak Research and Development Agency), e Commissario esterno per avanzamento di carriera nella disciplina di Cardiologia c\/o l\u2019Imperial College of London (2009).<\/li>\n<li>Affiliazione a Societ\u00e0 scientifiche internazionali quali Eur. Society of Cardiology (ESC, Fellow), Eur. Association of Cardiovascular Imaging, Eur. Society of Hypertension, WG on Aorta and Peripheral Vascular Diseases della ESC (dal 2011), Council on Stroke della ESC (dal 2016).<\/li>\n<li>\u00c8 revisore e membro dell\u2019Editorial Board di riviste internazionali, come Frontiers in<br \/>\nPhysiology e Frontiers in Cardiovascular Medicine.<\/li>\n<li style=\"list-style-type: none;\"><\/li>\n<\/ul>\n<p>[\/vc_column_text][vc_custom_heading text_size=&#8221;fontsize-165748&#8243; text_align=&#8221;text-left&#8221; uncode_shortcode_id=&#8221;999339&#8243;]Pubblicazioni[\/vc_custom_heading][vc_column_text uncode_shortcode_id=&#8221;142294&#8243; css=&#8221;.vc_custom_1685974083084{margin-top: 10px !important;}&#8221;]<\/p>\n<p style=\"font-weight: 400;\">Attivit\u00e0 di Ricerca:<br \/>\nORCID ID: https:\/\/orcid.org\/0000-0002-0628-2729 Web of Science Researcher ID: K-7315-2016<\/p>\n<p style=\"font-weight: 400;\">L\u2019attivit\u00e0 di ricerca \u00e8 stata inoltre caratterizzata dalla regolare partecipazione a progetti competitivi del Ministero dell\u2019Universit\u00e0, del Ministero della Salute, e dell\u2019Unione Europea, dando luogo a circa 250 pubblicazioni in extenso su riviste prevalentemente internazionali ad alto impatto, innumerevoli presentazioni anche su invito ai pi\u00f9 prestigiosi congressi internazionali di Cardiologia e Ipertensione Arteriosa (Eur. Society of Cardiology, Eur. Society of Hypertension, Eur. Association of Cardiovascular Imaging, Am. Heart Association, Am. College of Cardiology, Am. Society of Hypertension).<\/p>\n<ul>\n<li style=\"list-style-type: none;\"><\/li>\n<\/ul>\n<p>[\/vc_column_text][vc_empty_space empty_h=&#8221;2&#8243; el_class=&#8221;pushUp&#8221;][\/vc_column_inner][\/vc_row_inner][\/vc_column][\/vc_row]<\/p>\n<\/div>","protected":false},"excerpt":{"rendered":"<p>[vc_row unlock_row_content=&#8221;yes&#8221; row_height_percent=&#8221;100&#8243; override_padding=&#8221;yes&#8221; h_padding=&#8221;0&#8243; top_padding=&#8221;0&#8243; bottom_padding=&#8221;0&#8243; back_color=&#8221;color-xsdn&#8221; overlay_alpha=&#8221;50&#8243; equal_height=&#8221;yes&#8221; gutter_size=&#8221;3&#8243; column_width_percent=&#8221;100&#8243; shift_y=&#8221;0&#8243; z_index=&#8221;0&#8243; uncode_shortcode_id=&#8221;128012&#8243; back_color_type=&#8221;uncode-palette&#8221;][vc_column column_width_percent=&#8221;100&#8243; gutter_size=&#8221;3&#8243; expand_height=&#8221;yes&#8221; style=&#8221;dark&#8221; [&hellip;]<\/p>\n","protected":false},"author":3,"featured_media":122274,"parent":129955,"menu_order":0,"comment_status":"closed","ping_status":"closed","template":"","meta":{"footnotes":""},"class_list":["post-130296","page","type-page","status-publish","has-post-thumbnail","hentry","page_category-cardiology"],"yoast_head":"<!-- This site is optimized with the Yoast SEO plugin v24.6 - https:\/\/yoast.com\/wordpress\/plugins\/seo\/ -->\n<title>Palombo Carlo - Casa di Cura Privata San Rossore<\/title>\n<meta name=\"robots\" content=\"index, follow, max-snippet:-1, max-image-preview:large, max-video-preview:-1\" \/>\n<link rel=\"canonical\" href=\"https:\/\/casadicurasanrossore.it\/i-nostri-medici\/palombo-carlo\/\" \/>\n<meta property=\"og:locale\" content=\"en_US\" \/>\n<meta property=\"og:type\" content=\"article\" \/>\n<meta property=\"og:title\" content=\"Palombo Carlo - Casa di Cura Privata San Rossore\" \/>\n<meta property=\"og:description\" content=\"[vc_row unlock_row_content=&#8221;yes&#8221; row_height_percent=&#8221;100&#8243; override_padding=&#8221;yes&#8221; h_padding=&#8221;0&#8243; top_padding=&#8221;0&#8243; bottom_padding=&#8221;0&#8243; back_color=&#8221;color-xsdn&#8221; overlay_alpha=&#8221;50&#8243; equal_height=&#8221;yes&#8221; gutter_size=&#8221;3&#8243; column_width_percent=&#8221;100&#8243; shift_y=&#8221;0&#8243; z_index=&#8221;0&#8243; uncode_shortcode_id=&#8221;128012&#8243; back_color_type=&#8221;uncode-palette&#8221;][vc_column column_width_percent=&#8221;100&#8243; gutter_size=&#8221;3&#8243; expand_height=&#8221;yes&#8221; style=&#8221;dark&#8221; [&hellip;]\" \/>\n<meta property=\"og:url\" content=\"https:\/\/casadicurasanrossore.it\/i-nostri-medici\/palombo-carlo\/\" \/>\n<meta property=\"og:site_name\" content=\"Casa di Cura Privata San Rossore\" \/>\n<meta property=\"article:publisher\" content=\"https:\/\/www.facebook.com\/casadicurasanrossore\/\" \/>\n<meta property=\"og:image\" content=\"https:\/\/casadicurasanrossore.it\/wp-content\/uploads\/2023\/06\/PALOMBO.jpg\" \/>\n\t<meta property=\"og:image:width\" content=\"1500\" \/>\n\t<meta property=\"og:image:height\" content=\"1500\" \/>\n\t<meta property=\"og:image:type\" content=\"image\/jpeg\" \/>\n<meta name=\"twitter:card\" content=\"summary_large_image\" \/>\n<meta name=\"twitter:label1\" content=\"Est. reading time\" \/>\n\t<meta name=\"twitter:data1\" content=\"7 minutes\" \/>\n<script type=\"application\/ld+json\" class=\"yoast-schema-graph\">{\"@context\":\"https:\/\/schema.org\",\"@graph\":[{\"@type\":\"WebPage\",\"@id\":\"https:\/\/casadicurasanrossore.it\/i-nostri-medici\/palombo-carlo\/\",\"url\":\"https:\/\/casadicurasanrossore.it\/i-nostri-medici\/palombo-carlo\/\",\"name\":\"Palombo Carlo - Casa di Cura Privata San Rossore\",\"isPartOf\":{\"@id\":\"https:\/\/casadicurasanrossore.it\/#website\"},\"primaryImageOfPage\":{\"@id\":\"https:\/\/casadicurasanrossore.it\/i-nostri-medici\/palombo-carlo\/#primaryimage\"},\"image\":{\"@id\":\"https:\/\/casadicurasanrossore.it\/i-nostri-medici\/palombo-carlo\/#primaryimage\"},\"thumbnailUrl\":\"https:\/\/casadicurasanrossore.it\/wp-content\/uploads\/2023\/06\/PALOMBO.jpg\",\"datePublished\":\"2023-06-05T14:08:37+00:00\",\"breadcrumb\":{\"@id\":\"https:\/\/casadicurasanrossore.it\/i-nostri-medici\/palombo-carlo\/#breadcrumb\"},\"inLanguage\":\"en-US\",\"potentialAction\":[{\"@type\":\"ReadAction\",\"target\":[\"https:\/\/casadicurasanrossore.it\/i-nostri-medici\/palombo-carlo\/\"]}]},{\"@type\":\"ImageObject\",\"inLanguage\":\"en-US\",\"@id\":\"https:\/\/casadicurasanrossore.it\/i-nostri-medici\/palombo-carlo\/#primaryimage\",\"url\":\"https:\/\/casadicurasanrossore.it\/wp-content\/uploads\/2023\/06\/PALOMBO.jpg\",\"contentUrl\":\"https:\/\/casadicurasanrossore.it\/wp-content\/uploads\/2023\/06\/PALOMBO.jpg\",\"width\":1500,\"height\":1500},{\"@type\":\"BreadcrumbList\",\"@id\":\"https:\/\/casadicurasanrossore.it\/i-nostri-medici\/palombo-carlo\/#breadcrumb\",\"itemListElement\":[{\"@type\":\"ListItem\",\"position\":1,\"name\":\"Our specialists\",\"item\":\"https:\/\/casadicurasanrossore.it\/i-nostri-medici\/\"},{\"@type\":\"ListItem\",\"position\":2,\"name\":\"Palombo Carlo\"}]},{\"@type\":\"WebSite\",\"@id\":\"https:\/\/casadicurasanrossore.it\/#website\",\"url\":\"https:\/\/casadicurasanrossore.it\/\",\"name\":\"Casa di Cura Privata San Rossore\",\"description\":\"\",\"publisher\":{\"@id\":\"https:\/\/casadicurasanrossore.it\/#organization\"},\"potentialAction\":[{\"@type\":\"SearchAction\",\"target\":{\"@type\":\"EntryPoint\",\"urlTemplate\":\"https:\/\/casadicurasanrossore.it\/?s={search_term_string}\"},\"query-input\":{\"@type\":\"PropertyValueSpecification\",\"valueRequired\":true,\"valueName\":\"search_term_string\"}}],\"inLanguage\":\"en-US\"},{\"@type\":\"Organization\",\"@id\":\"https:\/\/casadicurasanrossore.it\/#organization\",\"name\":\"Casa di Cura San Rossore\",\"url\":\"https:\/\/casadicurasanrossore.it\/\",\"logo\":{\"@type\":\"ImageObject\",\"inLanguage\":\"en-US\",\"@id\":\"https:\/\/casadicurasanrossore.it\/#\/schema\/logo\/image\/\",\"url\":\"https:\/\/casadicurasanrossore.it\/wp-content\/uploads\/2023\/11\/SR-logo_official-3.png\",\"contentUrl\":\"https:\/\/casadicurasanrossore.it\/wp-content\/uploads\/2023\/11\/SR-logo_official-3.png\",\"width\":860,\"height\":324,\"caption\":\"Casa di Cura San Rossore\"},\"image\":{\"@id\":\"https:\/\/casadicurasanrossore.it\/#\/schema\/logo\/image\/\"},\"sameAs\":[\"https:\/\/www.facebook.com\/casadicurasanrossore\/\"]}]}<\/script>\n<!-- \/ Yoast SEO plugin. -->","yoast_head_json":{"title":"Palombo Carlo - Casa di Cura Privata San Rossore","robots":{"index":"index","follow":"follow","max-snippet":"max-snippet:-1","max-image-preview":"max-image-preview:large","max-video-preview":"max-video-preview:-1"},"canonical":"https:\/\/casadicurasanrossore.it\/i-nostri-medici\/palombo-carlo\/","og_locale":"en_US","og_type":"article","og_title":"Palombo Carlo - Casa di Cura Privata San Rossore","og_description":"[vc_row unlock_row_content=&#8221;yes&#8221; row_height_percent=&#8221;100&#8243; override_padding=&#8221;yes&#8221; h_padding=&#8221;0&#8243; top_padding=&#8221;0&#8243; bottom_padding=&#8221;0&#8243; back_color=&#8221;color-xsdn&#8221; overlay_alpha=&#8221;50&#8243; equal_height=&#8221;yes&#8221; gutter_size=&#8221;3&#8243; column_width_percent=&#8221;100&#8243; shift_y=&#8221;0&#8243; z_index=&#8221;0&#8243; uncode_shortcode_id=&#8221;128012&#8243; back_color_type=&#8221;uncode-palette&#8221;][vc_column column_width_percent=&#8221;100&#8243; gutter_size=&#8221;3&#8243; expand_height=&#8221;yes&#8221; style=&#8221;dark&#8221; [&hellip;]","og_url":"https:\/\/casadicurasanrossore.it\/i-nostri-medici\/palombo-carlo\/","og_site_name":"Casa di Cura Privata San Rossore","article_publisher":"https:\/\/www.facebook.com\/casadicurasanrossore\/","og_image":[{"width":1500,"height":1500,"url":"https:\/\/casadicurasanrossore.it\/wp-content\/uploads\/2023\/06\/PALOMBO.jpg","type":"image\/jpeg"}],"twitter_card":"summary_large_image","twitter_misc":{"Est. reading time":"7 minutes"},"schema":{"@context":"https:\/\/schema.org","@graph":[{"@type":"WebPage","@id":"https:\/\/casadicurasanrossore.it\/i-nostri-medici\/palombo-carlo\/","url":"https:\/\/casadicurasanrossore.it\/i-nostri-medici\/palombo-carlo\/","name":"Palombo Carlo - Casa di Cura Privata San Rossore","isPartOf":{"@id":"https:\/\/casadicurasanrossore.it\/#website"},"primaryImageOfPage":{"@id":"https:\/\/casadicurasanrossore.it\/i-nostri-medici\/palombo-carlo\/#primaryimage"},"image":{"@id":"https:\/\/casadicurasanrossore.it\/i-nostri-medici\/palombo-carlo\/#primaryimage"},"thumbnailUrl":"https:\/\/casadicurasanrossore.it\/wp-content\/uploads\/2023\/06\/PALOMBO.jpg","datePublished":"2023-06-05T14:08:37+00:00","breadcrumb":{"@id":"https:\/\/casadicurasanrossore.it\/i-nostri-medici\/palombo-carlo\/#breadcrumb"},"inLanguage":"en-US","potentialAction":[{"@type":"ReadAction","target":["https:\/\/casadicurasanrossore.it\/i-nostri-medici\/palombo-carlo\/"]}]},{"@type":"ImageObject","inLanguage":"en-US","@id":"https:\/\/casadicurasanrossore.it\/i-nostri-medici\/palombo-carlo\/#primaryimage","url":"https:\/\/casadicurasanrossore.it\/wp-content\/uploads\/2023\/06\/PALOMBO.jpg","contentUrl":"https:\/\/casadicurasanrossore.it\/wp-content\/uploads\/2023\/06\/PALOMBO.jpg","width":1500,"height":1500},{"@type":"BreadcrumbList","@id":"https:\/\/casadicurasanrossore.it\/i-nostri-medici\/palombo-carlo\/#breadcrumb","itemListElement":[{"@type":"ListItem","position":1,"name":"Our specialists","item":"https:\/\/casadicurasanrossore.it\/i-nostri-medici\/"},{"@type":"ListItem","position":2,"name":"Palombo Carlo"}]},{"@type":"WebSite","@id":"https:\/\/casadicurasanrossore.it\/#website","url":"https:\/\/casadicurasanrossore.it\/","name":"Casa di Cura Privata San Rossore","description":"","publisher":{"@id":"https:\/\/casadicurasanrossore.it\/#organization"},"potentialAction":[{"@type":"SearchAction","target":{"@type":"EntryPoint","urlTemplate":"https:\/\/casadicurasanrossore.it\/?s={search_term_string}"},"query-input":{"@type":"PropertyValueSpecification","valueRequired":true,"valueName":"search_term_string"}}],"inLanguage":"en-US"},{"@type":"Organization","@id":"https:\/\/casadicurasanrossore.it\/#organization","name":"Casa di Cura San Rossore","url":"https:\/\/casadicurasanrossore.it\/","logo":{"@type":"ImageObject","inLanguage":"en-US","@id":"https:\/\/casadicurasanrossore.it\/#\/schema\/logo\/image\/","url":"https:\/\/casadicurasanrossore.it\/wp-content\/uploads\/2023\/11\/SR-logo_official-3.png","contentUrl":"https:\/\/casadicurasanrossore.it\/wp-content\/uploads\/2023\/11\/SR-logo_official-3.png","width":860,"height":324,"caption":"Casa di Cura San Rossore"},"image":{"@id":"https:\/\/casadicurasanrossore.it\/#\/schema\/logo\/image\/"},"sameAs":["https:\/\/www.facebook.com\/casadicurasanrossore\/"]}]}},"_links":{"self":[{"href":"https:\/\/casadicurasanrossore.it\/en\/wp-json\/wp\/v2\/pages\/130296","targetHints":{"allow":["GET"]}}],"collection":[{"href":"https:\/\/casadicurasanrossore.it\/en\/wp-json\/wp\/v2\/pages"}],"about":[{"href":"https:\/\/casadicurasanrossore.it\/en\/wp-json\/wp\/v2\/types\/page"}],"author":[{"embeddable":true,"href":"https:\/\/casadicurasanrossore.it\/en\/wp-json\/wp\/v2\/users\/3"}],"replies":[{"embeddable":true,"href":"https:\/\/casadicurasanrossore.it\/en\/wp-json\/wp\/v2\/comments?post=130296"}],"version-history":[{"count":0,"href":"https:\/\/casadicurasanrossore.it\/en\/wp-json\/wp\/v2\/pages\/130296\/revisions"}],"up":[{"embeddable":true,"href":"https:\/\/casadicurasanrossore.it\/en\/wp-json\/wp\/v2\/pages\/129955"}],"wp:featuredmedia":[{"embeddable":true,"href":"https:\/\/casadicurasanrossore.it\/en\/wp-json\/wp\/v2\/media\/122274"}],"wp:attachment":[{"href":"https:\/\/casadicurasanrossore.it\/en\/wp-json\/wp\/v2\/media?parent=130296"}],"curies":[{"name":"wp","href":"https:\/\/api.w.org\/{rel}","templated":true}]}}