{"id":130307,"date":"2023-06-05T12:55:03","date_gmt":"2023-06-05T11:55:03","guid":{"rendered":"https:\/\/casadicurasanrossore.it\/our-specialists\/piccione-carla\/"},"modified":"2025-10-30T10:28:14","modified_gmt":"2025-10-30T09:28:14","slug":"piccione-carla","status":"publish","type":"page","link":"https:\/\/casadicurasanrossore.it\/en\/our-specialists\/piccione-carla\/","title":{"rendered":"Piccione Carla"},"content":{"rendered":"<div class=\"wpb-content-wrapper\"><p>[vc_row unlock_row_content=&#8221;yes&#8221; row_height_percent=&#8221;100&#8243; override_padding=&#8221;yes&#8221; h_padding=&#8221;0&#8243; top_padding=&#8221;0&#8243; bottom_padding=&#8221;0&#8243; back_color=&#8221;color-xsdn&#8221; overlay_alpha=&#8221;50&#8243; equal_height=&#8221;yes&#8221; gutter_size=&#8221;3&#8243; column_width_percent=&#8221;100&#8243; shift_y=&#8221;0&#8243; z_index=&#8221;0&#8243; uncode_shortcode_id=&#8221;128012&#8243; back_color_type=&#8221;uncode-palette&#8221;][vc_column column_width_percent=&#8221;100&#8243; gutter_size=&#8221;3&#8243; expand_height=&#8221;yes&#8221; style=&#8221;dark&#8221; overlay_alpha=&#8221;50&#8243; shift_x=&#8221;0&#8243; shift_y=&#8221;0&#8243; z_index=&#8221;0&#8243; medium_width=&#8221;0&#8243; width=&#8221;1\/1&#8243;][vc_row_inner row_inner_height_percent=&#8221;0&#8243; overlay_alpha=&#8221;50&#8243; equal_height=&#8221;yes&#8221; gutter_size=&#8221;0&#8243; shift_y=&#8221;0&#8243;][vc_column_inner column_width_use_pixel=&#8221;yes&#8221; gutter_size=&#8221;3&#8243; expand_height=&#8221;yes&#8221; back_color=&#8221;color-xsdn&#8221; overlay_alpha=&#8221;50&#8243; shift_x=&#8221;0&#8243; shift_y=&#8221;0&#8243; shift_y_down=&#8221;0&#8243; z_index=&#8221;0&#8243; medium_width=&#8221;0&#8243; mobile_width=&#8221;0&#8243; width=&#8221;1\/3&#8243; mobile_height=&#8221;300&#8243; uncode_shortcode_id=&#8221;109753&#8243; back_color_type=&#8221;uncode-palette&#8221; css=&#8221;.vc_custom_1683649659537{border-bottom-width: 0px !important;padding-top: 0px !important;padding-right: 0px !important;padding-left: 0px !important;}&#8221;][vc_single_image media=&#8221;122527&#8243; media_width_percent=&#8221;100&#8243; uncode_shortcode_id=&#8221;961730&#8243;][vc_custom_heading text_color=&#8221;color-nhtu&#8221; heading_semantic=&#8221;h1&#8243; text_font=&#8221;font-207245&#8243; text_size=&#8221;fontsize-417312&#8243; text_transform=&#8221;uppercase&#8221; text_align=&#8221;text-left&#8221; uncode_shortcode_id=&#8221;142576&#8243; text_color_type=&#8221;uncode-palette&#8221; el_class=&#8221;medico_left-content specifiche&#8221;]Piccione Carla[\/vc_custom_heading][vc_empty_space empty_h=&#8221;0&#8243; el_class=&#8221;specifiche&#8221;][uncode_info_box items=&#8221;Categories|do_not_display_prefix&#8221; text_font=&#8221;font-116733&#8243; text_size=&#8221;fontsize-120545&#8243; text_weight=&#8221;600&#8243; text_transform=&#8221;uppercase&#8221; separator=&#8221;pipe&#8221; css_animation=&#8221;left-t-right&#8221; el_class=&#8221;medico_left-content specifiche&#8221;][vc_empty_space empty_h=&#8221;2&#8243; el_class=&#8221;specifiche&#8221;][vc_button button_color=&#8221;color-wayh&#8221; radius=&#8221;btn-circle&#8221; border_animation=&#8221;btn-ripple-in&#8221; hover_fx=&#8221;outlined&#8221; custom_typo=&#8221;yes&#8221; font_family=&#8221;font-116733&#8243; font_weight=&#8221;700&#8243; letter_spacing=&#8221;fontspace-361482&#8243; border_width=&#8221;0&#8243; uncode_shortcode_id=&#8221;403560&#8243; button_color_type=&#8221;uncode-palette&#8221; el_class=&#8221;medico_left-content specifiche&#8221; link=&#8221;url:https%3A%2F%2Fonline.casadicurasanrossore.it%2F%23BookingByHealthcareProfessional%2F1|target:_blank&#8221;]Prenota una visita[\/vc_button][vc_empty_space empty_h=&#8221;3&#8243; el_class=&#8221;specifiche&#8221;][\/vc_column_inner][vc_column_inner column_width_percent=&#8221;65&#8243; gutter_size=&#8221;3&#8243; override_padding=&#8221;yes&#8221; column_padding=&#8221;3&#8243; style=&#8221;dark&#8221; back_color=&#8221;color-nhtu&#8221; overlay_alpha=&#8221;50&#8243; shift_x=&#8221;0&#8243; shift_y=&#8221;0&#8243; shift_y_down=&#8221;0&#8243; z_index=&#8221;0&#8243; medium_width=&#8221;0&#8243; mobile_width=&#8221;0&#8243; width=&#8221;2\/3&#8243; uncode_shortcode_id=&#8221;170516&#8243; back_color_type=&#8221;uncode-palette&#8221;][vc_custom_heading text_font=&#8221;font-207245&#8243; text_size=&#8221;fontsize-962128&#8243; text_transform=&#8221;uppercase&#8221; sub_lead=&#8221;yes&#8221; sub_reduced=&#8221;yes&#8221; text_align=&#8221;text-left&#8221; uncode_shortcode_id=&#8221;205517&#8243; subheading=&#8221;Curriculum&#8221; el_class=&#8221;subheading_style&#8221;]Piccione Carla[\/vc_custom_heading][vc_separator sep_color=&#8221;color-xsdn&#8221; uncode_shortcode_id=&#8221;106976&#8243; sep_color_type=&#8221;uncode-palette&#8221; el_height=&#8221;1px&#8221;][vc_custom_heading uncode_shortcode_id=&#8221;144856&#8243;]Formazione accademica[\/vc_custom_heading][vc_column_text uncode_shortcode_id=&#8221;655159&#8243;]<\/p>\n<ul>\n<li>Nel 2012 si \u00e8 laureata con lode in Dietistica presso l\u2019Universit\u00e0 di Pisa con una tesi sui Disturbi dell\u2019Alimentazione e della Nutrizione dal titolo \u201cTrattamento dei Disturbi Alimentari: livelli di intensit\u00e0 di cura ed intervento di riabilitazione nutrizionale in regime semiresidenziale\u201d.<\/li>\n<li>Nel 2015 ha integrato la sua formazione con un master triennale in Counselling Nutrizionale ad indirizzo Analitico Transazionale presso la Scuola di Performat di Pisa.<\/li>\n<li>Nel 2017 ha conseguito un master in \u201cTrattamento integrato dei disturbi del comportamento alimentare per l\u2019immagine corporea\u201d presso l\u2019Universit\u00e0 di Bologna.<\/li>\n<li>Nel 2020 ha conseguito il master in Nutrizione Sportiva presso la Scuola SANIS.<\/li>\n<\/ul>\n<p>[\/vc_column_text][vc_custom_heading uncode_shortcode_id=&#8221;182018&#8243;]Formazione Professionale[\/vc_custom_heading][vc_column_text uncode_shortcode_id=&#8221;142104&#8243;]Dal 2013 \u00e8 membro di varie societ\u00e0 scientifiche ASAND, SISDCA e ANSISA e dal 2025 \u00e8 membro del<br \/>\nConsiglio Direttivo della sezione regionale SISDCA Toscana. Negli anni ha integrato la formazione sui DAN con corsi di alta specializzazione come \u201cL\u2019intervento con le famiglie secondo il Metodo New Maudsley nei casi di pazienti con Disturbo del Comportamento Alimentare\u201d e COGNITIVE REMEDIATION THERAPY (CRT) e disturbi alimentari. Ha approfondito le tematiche relative all\u2019immagine corporea e all\u2019Intuitive Eating.[\/vc_column_text][vc_custom_heading uncode_shortcode_id=&#8221;109972&#8243;]Di cosa si occupa[\/vc_custom_heading][vc_column_text uncode_shortcode_id=&#8221;786306&#8243;]Dal 2012 collabora con la nostra Casa di Cura e ricopre il ruolo di Responsabile Dietista del Centro di Nutrizione Clinica e Obesit\u00e0 e del Centro Disturbi Alimentari della Casa di Cura San Rossore.<br \/>\nDal 2020 si occupa di nutrizione clinica e sportiva in collaborazione con San Rossore Sport Village.<br \/>\nL\u2019interesse e la formazione nell\u2019ambito dell\u2019alimentazione, dei Disturbi Alimentari e dello sport sono stati nel tempo fondamentali per il lavoro svolto dal 2015 con l\u2019Associazione \u201cLa Vita Oltre lo Specchio\u201d per la quale \u00e8 oggi responsabile delle attivit\u00e0 e dei progetti di prevenzione in ambito scolastico e sportivo e Coordinatrice degli operatori e volontari.<br \/>\nDal 2017 ad oggi \u00e8 membro del comitato scientifico e docente del master specialistico in \u201cDiagnosi e Trattamento dei Disturbi Alimentari e dell\u2019Obesit\u00e0\u201d della scuola di specializzazione in psicoterapia analitico-transazionale Performat di Pisa. \u201c[\/vc_column_text][vc_custom_heading uncode_shortcode_id=&#8221;904005&#8243;]Pubblicazioni[\/vc_custom_heading][vc_column_text uncode_shortcode_id=&#8221;168169&#8243;]\u00c8 autore di numerosi articoli pubblicati su riviste italiane e estere.<br \/>\nGravina G et al. (2018), Medical Complications In Anorexia And Bulimia Nervosa. Endocr Metab Immune Disord Drug Targets.<br \/>\n2018;18(5):477-488. DOI: 10.2174\/1871530318666180531094508<br \/>\nManzoni GM et al. (2018), Validation of the Italian Yale Food Addiction Scale in postgraduate university students. Eat Weight<br \/>\nDisord. 2018 Apr;23(2):167-176. doi: 10.1007\/s40519-018-0495-0.<br \/>\nLenzi et al. (eds), Multidisciplinary Approach to Obesity: From Assessment to Treatment, DOI: 10.1007\/978-3-319-09045-0_20<br \/>\nMilano W et al. (eds), \u201cLa terapia delle complicanze mediche\u201d, cap 9, I Disturbi dell\u2019alimentazione. Clinica e Terapia, Fioriti Editore<br \/>\nDonini LM et al (eds), Manuale per la Cura e la Prevenzione dei Disturbi dell\u2019Alimentazione e delle Obesit\u00e0 (DA&amp;O), SICS Editore[\/vc_column_text][vc_custom_heading uncode_shortcode_id=&#8221;521692&#8243;]Altre informazioni[\/vc_custom_heading][vc_column_text uncode_shortcode_id=&#8221;152901&#8243;]<\/p>\n<p style=\"font-weight: 400;\">Dal 2013 \u00e8 membro di varie societ\u00e0 scientifiche ASAND, SISDCA e ANDISA.<\/p>\n<p style=\"font-weight: 400;\">L\u2019interesse e la formazione nell\u2019ambito dell\u2019alimentazione, dei Disturbi Alimentari e dello sport sono stati nel tempo fondamentali per il lavoro svolto dal 2015 con l\u2019Associazione \u201cLa Vita Oltre lo Specchio\u201d per la quale \u00e8 oggi responsabile delle attivit\u00e0 e dei progetti di prevenzione in ambito scolastico e sportivo.<\/p>\n<p>[\/vc_column_text][vc_empty_space empty_h=&#8221;2&#8243; el_class=&#8221;pushUp&#8221;][\/vc_column_inner][\/vc_row_inner][\/vc_column][\/vc_row]<\/p>\n<\/div>","protected":false},"excerpt":{"rendered":"<p>[vc_row unlock_row_content=&#8221;yes&#8221; row_height_percent=&#8221;100&#8243; override_padding=&#8221;yes&#8221; h_padding=&#8221;0&#8243; top_padding=&#8221;0&#8243; bottom_padding=&#8221;0&#8243; back_color=&#8221;color-xsdn&#8221; overlay_alpha=&#8221;50&#8243; equal_height=&#8221;yes&#8221; gutter_size=&#8221;3&#8243; column_width_percent=&#8221;100&#8243; shift_y=&#8221;0&#8243; z_index=&#8221;0&#8243; uncode_shortcode_id=&#8221;128012&#8243; back_color_type=&#8221;uncode-palette&#8221;][vc_column column_width_percent=&#8221;100&#8243; gutter_size=&#8221;3&#8243; expand_height=&#8221;yes&#8221; style=&#8221;dark&#8221; [&hellip;]<\/p>\n","protected":false},"author":3,"featured_media":122019,"parent":129955,"menu_order":0,"comment_status":"closed","ping_status":"closed","template":"","meta":{"footnotes":""},"class_list":["post-130307","page","type-page","status-publish","has-post-thumbnail","hentry","page_category-dietetics","page_category-clinical-nutrition"],"yoast_head":"<!-- This site is optimized with the Yoast SEO plugin v24.6 - https:\/\/yoast.com\/wordpress\/plugins\/seo\/ -->\n<title>Piccione Carla - Casa di Cura Privata San Rossore<\/title>\n<meta name=\"robots\" content=\"index, follow, max-snippet:-1, max-image-preview:large, max-video-preview:-1\" \/>\n<link rel=\"canonical\" href=\"https:\/\/casadicurasanrossore.it\/en\/our-specialists\/piccione-carla\/\" \/>\n<meta property=\"og:locale\" content=\"en_US\" \/>\n<meta property=\"og:type\" content=\"article\" \/>\n<meta property=\"og:title\" content=\"Piccione Carla - Casa di Cura Privata San Rossore\" \/>\n<meta property=\"og:description\" content=\"[vc_row unlock_row_content=&#8221;yes&#8221; row_height_percent=&#8221;100&#8243; override_padding=&#8221;yes&#8221; h_padding=&#8221;0&#8243; top_padding=&#8221;0&#8243; bottom_padding=&#8221;0&#8243; back_color=&#8221;color-xsdn&#8221; overlay_alpha=&#8221;50&#8243; equal_height=&#8221;yes&#8221; gutter_size=&#8221;3&#8243; column_width_percent=&#8221;100&#8243; shift_y=&#8221;0&#8243; z_index=&#8221;0&#8243; uncode_shortcode_id=&#8221;128012&#8243; back_color_type=&#8221;uncode-palette&#8221;][vc_column column_width_percent=&#8221;100&#8243; gutter_size=&#8221;3&#8243; expand_height=&#8221;yes&#8221; style=&#8221;dark&#8221; [&hellip;]\" \/>\n<meta property=\"og:url\" content=\"https:\/\/casadicurasanrossore.it\/en\/our-specialists\/piccione-carla\/\" \/>\n<meta property=\"og:site_name\" content=\"Casa di Cura Privata San Rossore\" \/>\n<meta property=\"article:publisher\" content=\"https:\/\/www.facebook.com\/casadicurasanrossore\/\" \/>\n<meta property=\"article:modified_time\" content=\"2025-10-30T09:28:14+00:00\" \/>\n<meta property=\"og:image\" content=\"https:\/\/casadicurasanrossore.it\/wp-content\/uploads\/2023\/06\/PICCIONE-2.jpg\" \/>\n\t<meta property=\"og:image:width\" content=\"1500\" \/>\n\t<meta property=\"og:image:height\" content=\"1500\" \/>\n\t<meta property=\"og:image:type\" content=\"image\/jpeg\" \/>\n<meta name=\"twitter:card\" content=\"summary_large_image\" \/>\n<meta name=\"twitter:label1\" content=\"Est. reading time\" \/>\n\t<meta name=\"twitter:data1\" content=\"2 minutes\" \/>\n<script type=\"application\/ld+json\" class=\"yoast-schema-graph\">{\"@context\":\"https:\/\/schema.org\",\"@graph\":[{\"@type\":\"WebPage\",\"@id\":\"https:\/\/casadicurasanrossore.it\/en\/our-specialists\/piccione-carla\/\",\"url\":\"https:\/\/casadicurasanrossore.it\/en\/our-specialists\/piccione-carla\/\",\"name\":\"Piccione Carla - Casa di Cura Privata San Rossore\",\"isPartOf\":{\"@id\":\"https:\/\/casadicurasanrossore.it\/#website\"},\"primaryImageOfPage\":{\"@id\":\"https:\/\/casadicurasanrossore.it\/en\/our-specialists\/piccione-carla\/#primaryimage\"},\"image\":{\"@id\":\"https:\/\/casadicurasanrossore.it\/en\/our-specialists\/piccione-carla\/#primaryimage\"},\"thumbnailUrl\":\"https:\/\/casadicurasanrossore.it\/wp-content\/uploads\/2023\/06\/PICCIONE-2.jpg\",\"datePublished\":\"2023-06-05T11:55:03+00:00\",\"dateModified\":\"2025-10-30T09:28:14+00:00\",\"breadcrumb\":{\"@id\":\"https:\/\/casadicurasanrossore.it\/en\/our-specialists\/piccione-carla\/#breadcrumb\"},\"inLanguage\":\"en-US\",\"potentialAction\":[{\"@type\":\"ReadAction\",\"target\":[\"https:\/\/casadicurasanrossore.it\/en\/our-specialists\/piccione-carla\/\"]}]},{\"@type\":\"ImageObject\",\"inLanguage\":\"en-US\",\"@id\":\"https:\/\/casadicurasanrossore.it\/en\/our-specialists\/piccione-carla\/#primaryimage\",\"url\":\"https:\/\/casadicurasanrossore.it\/wp-content\/uploads\/2023\/06\/PICCIONE-2.jpg\",\"contentUrl\":\"https:\/\/casadicurasanrossore.it\/wp-content\/uploads\/2023\/06\/PICCIONE-2.jpg\",\"width\":1500,\"height\":1500},{\"@type\":\"BreadcrumbList\",\"@id\":\"https:\/\/casadicurasanrossore.it\/en\/our-specialists\/piccione-carla\/#breadcrumb\",\"itemListElement\":[{\"@type\":\"ListItem\",\"position\":1,\"name\":\"Our specialists\",\"item\":\"https:\/\/casadicurasanrossore.it\/i-nostri-medici\/\"},{\"@type\":\"ListItem\",\"position\":2,\"name\":\"Piccione Carla\"}]},{\"@type\":\"WebSite\",\"@id\":\"https:\/\/casadicurasanrossore.it\/#website\",\"url\":\"https:\/\/casadicurasanrossore.it\/\",\"name\":\"Casa di Cura Privata San Rossore\",\"description\":\"\",\"publisher\":{\"@id\":\"https:\/\/casadicurasanrossore.it\/#organization\"},\"potentialAction\":[{\"@type\":\"SearchAction\",\"target\":{\"@type\":\"EntryPoint\",\"urlTemplate\":\"https:\/\/casadicurasanrossore.it\/?s={search_term_string}\"},\"query-input\":{\"@type\":\"PropertyValueSpecification\",\"valueRequired\":true,\"valueName\":\"search_term_string\"}}],\"inLanguage\":\"en-US\"},{\"@type\":\"Organization\",\"@id\":\"https:\/\/casadicurasanrossore.it\/#organization\",\"name\":\"Casa di Cura San Rossore\",\"url\":\"https:\/\/casadicurasanrossore.it\/\",\"logo\":{\"@type\":\"ImageObject\",\"inLanguage\":\"en-US\",\"@id\":\"https:\/\/casadicurasanrossore.it\/#\/schema\/logo\/image\/\",\"url\":\"https:\/\/casadicurasanrossore.it\/wp-content\/uploads\/2023\/11\/SR-logo_official-3.png\",\"contentUrl\":\"https:\/\/casadicurasanrossore.it\/wp-content\/uploads\/2023\/11\/SR-logo_official-3.png\",\"width\":860,\"height\":324,\"caption\":\"Casa di Cura San Rossore\"},\"image\":{\"@id\":\"https:\/\/casadicurasanrossore.it\/#\/schema\/logo\/image\/\"},\"sameAs\":[\"https:\/\/www.facebook.com\/casadicurasanrossore\/\"]}]}<\/script>\n<!-- \/ Yoast SEO plugin. -->","yoast_head_json":{"title":"Piccione Carla - Casa di Cura Privata San Rossore","robots":{"index":"index","follow":"follow","max-snippet":"max-snippet:-1","max-image-preview":"max-image-preview:large","max-video-preview":"max-video-preview:-1"},"canonical":"https:\/\/casadicurasanrossore.it\/en\/our-specialists\/piccione-carla\/","og_locale":"en_US","og_type":"article","og_title":"Piccione Carla - Casa di Cura Privata San Rossore","og_description":"[vc_row unlock_row_content=&#8221;yes&#8221; row_height_percent=&#8221;100&#8243; override_padding=&#8221;yes&#8221; h_padding=&#8221;0&#8243; top_padding=&#8221;0&#8243; bottom_padding=&#8221;0&#8243; back_color=&#8221;color-xsdn&#8221; overlay_alpha=&#8221;50&#8243; equal_height=&#8221;yes&#8221; gutter_size=&#8221;3&#8243; column_width_percent=&#8221;100&#8243; shift_y=&#8221;0&#8243; z_index=&#8221;0&#8243; uncode_shortcode_id=&#8221;128012&#8243; back_color_type=&#8221;uncode-palette&#8221;][vc_column column_width_percent=&#8221;100&#8243; gutter_size=&#8221;3&#8243; expand_height=&#8221;yes&#8221; style=&#8221;dark&#8221; [&hellip;]","og_url":"https:\/\/casadicurasanrossore.it\/en\/our-specialists\/piccione-carla\/","og_site_name":"Casa di Cura Privata San Rossore","article_publisher":"https:\/\/www.facebook.com\/casadicurasanrossore\/","article_modified_time":"2025-10-30T09:28:14+00:00","og_image":[{"width":1500,"height":1500,"url":"https:\/\/casadicurasanrossore.it\/wp-content\/uploads\/2023\/06\/PICCIONE-2.jpg","type":"image\/jpeg"}],"twitter_card":"summary_large_image","twitter_misc":{"Est. reading time":"2 minutes"},"schema":{"@context":"https:\/\/schema.org","@graph":[{"@type":"WebPage","@id":"https:\/\/casadicurasanrossore.it\/en\/our-specialists\/piccione-carla\/","url":"https:\/\/casadicurasanrossore.it\/en\/our-specialists\/piccione-carla\/","name":"Piccione Carla - Casa di Cura Privata San Rossore","isPartOf":{"@id":"https:\/\/casadicurasanrossore.it\/#website"},"primaryImageOfPage":{"@id":"https:\/\/casadicurasanrossore.it\/en\/our-specialists\/piccione-carla\/#primaryimage"},"image":{"@id":"https:\/\/casadicurasanrossore.it\/en\/our-specialists\/piccione-carla\/#primaryimage"},"thumbnailUrl":"https:\/\/casadicurasanrossore.it\/wp-content\/uploads\/2023\/06\/PICCIONE-2.jpg","datePublished":"2023-06-05T11:55:03+00:00","dateModified":"2025-10-30T09:28:14+00:00","breadcrumb":{"@id":"https:\/\/casadicurasanrossore.it\/en\/our-specialists\/piccione-carla\/#breadcrumb"},"inLanguage":"en-US","potentialAction":[{"@type":"ReadAction","target":["https:\/\/casadicurasanrossore.it\/en\/our-specialists\/piccione-carla\/"]}]},{"@type":"ImageObject","inLanguage":"en-US","@id":"https:\/\/casadicurasanrossore.it\/en\/our-specialists\/piccione-carla\/#primaryimage","url":"https:\/\/casadicurasanrossore.it\/wp-content\/uploads\/2023\/06\/PICCIONE-2.jpg","contentUrl":"https:\/\/casadicurasanrossore.it\/wp-content\/uploads\/2023\/06\/PICCIONE-2.jpg","width":1500,"height":1500},{"@type":"BreadcrumbList","@id":"https:\/\/casadicurasanrossore.it\/en\/our-specialists\/piccione-carla\/#breadcrumb","itemListElement":[{"@type":"ListItem","position":1,"name":"Our specialists","item":"https:\/\/casadicurasanrossore.it\/i-nostri-medici\/"},{"@type":"ListItem","position":2,"name":"Piccione Carla"}]},{"@type":"WebSite","@id":"https:\/\/casadicurasanrossore.it\/#website","url":"https:\/\/casadicurasanrossore.it\/","name":"Casa di Cura Privata San Rossore","description":"","publisher":{"@id":"https:\/\/casadicurasanrossore.it\/#organization"},"potentialAction":[{"@type":"SearchAction","target":{"@type":"EntryPoint","urlTemplate":"https:\/\/casadicurasanrossore.it\/?s={search_term_string}"},"query-input":{"@type":"PropertyValueSpecification","valueRequired":true,"valueName":"search_term_string"}}],"inLanguage":"en-US"},{"@type":"Organization","@id":"https:\/\/casadicurasanrossore.it\/#organization","name":"Casa di Cura San Rossore","url":"https:\/\/casadicurasanrossore.it\/","logo":{"@type":"ImageObject","inLanguage":"en-US","@id":"https:\/\/casadicurasanrossore.it\/#\/schema\/logo\/image\/","url":"https:\/\/casadicurasanrossore.it\/wp-content\/uploads\/2023\/11\/SR-logo_official-3.png","contentUrl":"https:\/\/casadicurasanrossore.it\/wp-content\/uploads\/2023\/11\/SR-logo_official-3.png","width":860,"height":324,"caption":"Casa di Cura San Rossore"},"image":{"@id":"https:\/\/casadicurasanrossore.it\/#\/schema\/logo\/image\/"},"sameAs":["https:\/\/www.facebook.com\/casadicurasanrossore\/"]}]}},"_links":{"self":[{"href":"https:\/\/casadicurasanrossore.it\/en\/wp-json\/wp\/v2\/pages\/130307","targetHints":{"allow":["GET"]}}],"collection":[{"href":"https:\/\/casadicurasanrossore.it\/en\/wp-json\/wp\/v2\/pages"}],"about":[{"href":"https:\/\/casadicurasanrossore.it\/en\/wp-json\/wp\/v2\/types\/page"}],"author":[{"embeddable":true,"href":"https:\/\/casadicurasanrossore.it\/en\/wp-json\/wp\/v2\/users\/3"}],"replies":[{"embeddable":true,"href":"https:\/\/casadicurasanrossore.it\/en\/wp-json\/wp\/v2\/comments?post=130307"}],"version-history":[{"count":0,"href":"https:\/\/casadicurasanrossore.it\/en\/wp-json\/wp\/v2\/pages\/130307\/revisions"}],"up":[{"embeddable":true,"href":"https:\/\/casadicurasanrossore.it\/en\/wp-json\/wp\/v2\/pages\/129955"}],"wp:featuredmedia":[{"embeddable":true,"href":"https:\/\/casadicurasanrossore.it\/en\/wp-json\/wp\/v2\/media\/122019"}],"wp:attachment":[{"href":"https:\/\/casadicurasanrossore.it\/en\/wp-json\/wp\/v2\/media?parent=130307"}],"curies":[{"name":"wp","href":"https:\/\/api.w.org\/{rel}","templated":true}]}}